{"id":6945,"date":"2021-05-07T17:05:46","date_gmt":"2021-05-07T17:05:46","guid":{"rendered":"https:\/\/thorsten.qodeinteractive.com\/?page_id=6945"},"modified":"2022-04-13T01:39:51","modified_gmt":"2022-04-13T01:39:51","slug":"faq","status":"publish","type":"page","link":"https:\/\/proskillsasia.com\/fr\/faq\/","title":{"rendered":"FAQ"},"content":{"rendered":"<div data-elementor-type=\"wp-page\" data-elementor-id=\"6945\" class=\"elementor elementor-6945\">\n\t\t\t\t\t\t\t\t\t<section class=\"elementor-section elementor-top-section elementor-element elementor-element-8f1c018 elementor-section-full_width qodef-elementor-content-grid elementor-section-height-default elementor-section-height-default\" data-id=\"8f1c018\" data-element_type=\"section\">\n\t\t\t\t\t\t<div class=\"elementor-container elementor-column-gap-default\">\n\t\t\t\t\t<div class=\"elementor-column elementor-col-100 elementor-top-column elementor-element elementor-element-93a1c4d\" data-id=\"93a1c4d\" data-element_type=\"column\">\n\t\t\t<div class=\"elementor-widget-wrap elementor-element-populated\">\n\t\t\t\t\t\t\t\t<div class=\"elementor-element elementor-element-ea1a11e elementor-widget elementor-widget-thorsten_core_accordion\" data-id=\"ea1a11e\" data-element_type=\"widget\" data-widget_type=\"thorsten_core_accordion.default\">\n\t\t\t\t<div class=\"elementor-widget-container\">\n\t\t\t<div class=\"qodef-shortcode qodef-m  qodef-accordion clear qodef-behavior--accordion qodef-layout--simple\">\n\t<h4 class=\"qodef-accordion-title\">\n\t<span class=\"qodef-tab-title\">Qu&#039;entend-on par Oracle Resource Hub\u00a0?<\/span>\n\t<span class=\"qodef-accordion-mark\">\n\t\t<span class=\"qodef-icon--plus qodef-icon-elegant-icons icon_plus\"><\/span>\n\t\t<span class=\"qodef-icon--minus qodef-icon-elegant-icons icon_minus-06\"><\/span>\n\t<\/span>\n<\/h4>\n<div class=\"qodef-accordion-content\">\n\t<div class=\"qodef-accordion-content-inner\">\n\t\t<p>Oracle Resource Hub est un niveau d&#039;autorisation pour les partenaires Oracle qui h\u00e9bergent des ressources certifi\u00e9es et qualifi\u00e9es. Les ressources peuvent \u00eatre des formateurs ou des sp\u00e9cialistes techniques de services tels que la mise en \u0153uvre, le support, etc. Le centre de ressources est pr\u00e9vu pour \u00eatre un fournisseur de ressources pour Oracle et les partenaires Oracle.\u00a0<\/p><p>\u00a0<\/p><p>https:\/\/partner-finder.oracle.com\/catalog\/Partner\/SCPP-TTVCPOUV#profile-overview<\/p>\t<\/div>\n<\/div>\n<h4 class=\"qodef-accordion-title\">\n\t<span class=\"qodef-tab-title\">Quelles sont les autorisations de ProSkills ?<\/span>\n\t<span class=\"qodef-accordion-mark\">\n\t\t<span class=\"qodef-icon--plus qodef-icon-elegant-icons icon_plus\"><\/span>\n\t\t<span class=\"qodef-icon--minus qodef-icon-elegant-icons icon_minus-06\"><\/span>\n\t<\/span>\n<\/h4>\n<div class=\"qodef-accordion-content\">\n\t<div class=\"qodef-accordion-content-inner\">\n\t\t<p>ProSkills est autoris\u00e9 par Oracle \u00e0 \u00eatre un Global Resource Hub. L&#039;accord de partenariat couvre le monde entier et toutes les technologies et sp\u00e9cialisations. ProSkills est \u00e9galement un revendeur agr\u00e9\u00e9 avec des sp\u00e9cialisations Cloud.\u00a0<\/p><p>\u00a0<\/p><p>https:\/\/partner-finder.oracle.com\/catalog\/Partner\/SCPP-TTVCPOUV#profile-overview<\/p><p>\u00a0<\/p><p>\u00a0<\/p>\t<\/div>\n<\/div>\n<h4 class=\"qodef-accordion-title\">\n\t<span class=\"qodef-tab-title\">Quelles autres sp\u00e9cialisations sont disponibles chez ProSkills\u00a0?<\/span>\n\t<span class=\"qodef-accordion-mark\">\n\t\t<span class=\"qodef-icon--plus qodef-icon-elegant-icons icon_plus\"><\/span>\n\t\t<span class=\"qodef-icon--minus qodef-icon-elegant-icons icon_minus-06\"><\/span>\n\t<\/span>\n<\/h4>\n<div class=\"qodef-accordion-content\">\n\t<div class=\"qodef-accordion-content-inner\">\n\t\t<p>ProSkills h\u00e9berge \u00e9galement des formateurs certifi\u00e9s et qualifi\u00e9s en IBM, Redhat, VMware, ISTQB, SCRUM, ITIL, Agile, PMI, COBIT, DevOps, CompTIA, SAP, AWS, Google, Intel, HP, CISSP, CEH, CISA, Palo Alto et Cisco.<\/p>\t<\/div>\n<\/div>\n<h4 class=\"qodef-accordion-title\">\n\t<span class=\"qodef-tab-title\">Nous avons l&#039;obligation de dispenser un cours de langue turque<\/span>\n\t<span class=\"qodef-accordion-mark\">\n\t\t<span class=\"qodef-icon--plus qodef-icon-elegant-icons icon_plus\"><\/span>\n\t\t<span class=\"qodef-icon--minus qodef-icon-elegant-icons icon_minus-06\"><\/span>\n\t<\/span>\n<\/h4>\n<div class=\"qodef-accordion-content\">\n\t<div class=\"qodef-accordion-content-inner\">\n\t\t<p>Bien que la langue turque ne fasse pas partie de notre liste des six langues d&#039;enseignement (EN, FR, AR, DE, SP, PT), ProSkills peut toujours vous aider et fournir un formateur capable d&#039;enseigner en turc, que ce soit virtuellement ou en classe.\u00a0<\/p>\t<\/div>\n<\/div>\n<h4 class=\"qodef-accordion-title\">\n\t<span class=\"qodef-tab-title\">Nous avons des exigences techniques particuli\u00e8res pour notre personnel informatique<\/span>\n\t<span class=\"qodef-accordion-mark\">\n\t\t<span class=\"qodef-icon--plus qodef-icon-elegant-icons icon_plus\"><\/span>\n\t\t<span class=\"qodef-icon--minus qodef-icon-elegant-icons icon_minus-06\"><\/span>\n\t<\/span>\n<\/h4>\n<div class=\"qodef-accordion-content\">\n\t<div class=\"qodef-accordion-content-inner\">\n\t\t<p>ProSkills travaille en \u00e9troite collaboration avec le partenaire et le client final d&#039;Oracle pour r\u00e9pondre aux exigences techniques particuli\u00e8res du personnel informatique. Cela comprend la formation, la mise en \u0153uvre, la mise \u00e0 niveau, la consultation, l&#039;assistance, etc. Tous nos consultants ont une solide exp\u00e9rience technique sur le terrain qui leur permet de r\u00e9aliser les t\u00e2ches requises en douceur.\u00a0<\/p>\t<\/div>\n<\/div>\n<h4 class=\"qodef-accordion-title\">\n\t<span class=\"qodef-tab-title\">ProSkills peut-il aider \u00e0 former des utilisateurs professionnels qui ne sont pas informaticiens\u00a0?<\/span>\n\t<span class=\"qodef-accordion-mark\">\n\t\t<span class=\"qodef-icon--plus qodef-icon-elegant-icons icon_plus\"><\/span>\n\t\t<span class=\"qodef-icon--minus qodef-icon-elegant-icons icon_minus-06\"><\/span>\n\t<\/span>\n<\/h4>\n<div class=\"qodef-accordion-content\">\n\t<div class=\"qodef-accordion-content-inner\">\n\t\t<p>ProSkills fournit un service complet d&#039;adoption des utilisateurs, y compris \u00ab\u00a0\u00e9valuation des besoins de formation\u00a0\u00bb, \u00ab\u00a0d\u00e9veloppement de mat\u00e9riel de formation\u00a0\u00bb, \u00ab\u00a0formation en classe et en cours d&#039;emploi\u00a0\u00bb, \u00ab\u00a0\u00e9valuation\u00a0\u00bb. Toutes ces t\u00e2ches sont effectu\u00e9es en collaboration avec Oracle. Les rapports et les r\u00e9sultats \u00e0 la fin de chaque t\u00e2che sont tous valid\u00e9s par les \u00e9quipes Oracle UAS.\u00a0<\/p>\t<\/div>\n<\/div>\n<\/div>\n\t\t<\/div>\n\t\t\t\t<\/div>\n\t\t\t\t\t<\/div>\n\t\t<\/div>\n\t\t\t\t\t\t\t<\/div>\n\t\t<\/section>\n\t\t\t\t<section class=\"elementor-section elementor-top-section elementor-element elementor-element-eea33d6 elementor-section-full_width qodef-elementor-content-grid elementor-section-height-default elementor-section-height-default\" data-id=\"eea33d6\" data-element_type=\"section\">\n\t\t\t\t\t\t<div class=\"elementor-container elementor-column-gap-default\">\n\t\t\t\t\t<div class=\"elementor-column elementor-col-100 elementor-top-column elementor-element elementor-element-a1e3237\" data-id=\"a1e3237\" data-element_type=\"column\">\n\t\t\t<div class=\"elementor-widget-wrap elementor-element-populated\">\n\t\t\t\t\t\t\t\t<div class=\"elementor-element elementor-element-deabed2 elementor-widget elementor-widget-thorsten_core_section_title\" data-id=\"deabed2\" data-element_type=\"widget\" data-widget_type=\"thorsten_core_section_title.default\">\n\t\t\t\t<div class=\"elementor-widget-container\">\n\t\t\t<div class=\"qodef-shortcode qodef-m  qodef-section-title qodef-alignment--left   qodef-st-appear-animation--no\">\n\t\t\t<h3 class=\"qodef-m-title\" >\n\t\t\t\t\tSi vous avez besoin de nous envoyer un message, veuillez remplir le formulaire ci-dessous\t\t\t<\/h3>\n\t\t<p class=\"qodef-m-text\" style=\"margin-top: 8px;color: #6F7F90A1\">Votre adresse email ne sera pas publi\u00e9e. Les champs requis sont indiqu\u00e9s *<\/p>\n<\/div>\n\t\t<\/div>\n\t\t\t\t<\/div>\n\t\t\t\t<div class=\"elementor-element elementor-element-d933acc elementor-widget elementor-widget-wp-widget-thorsten_core_contact_form_7\" data-id=\"d933acc\" data-element_type=\"widget\" data-widget_type=\"wp-widget-thorsten_core_contact_form_7.default\">\n\t\t\t\t<div class=\"elementor-widget-container\">\n\t\t\t\t\t\t<div class=\"qodef-contact-form-7\">\n\t\t\t\t\n<div class=\"wpcf7 no-js\" id=\"wpcf7-f6974-o1\" lang=\"en-US\" dir=\"ltr\">\n<div class=\"screen-reader-response\"><p role=\"status\" aria-live=\"polite\" aria-atomic=\"true\"><\/p> <ul><\/ul><\/div>\n<form action=\"\/fr\/wp-json\/wp\/v2\/pages\/6945#wpcf7-f6974-o1\" method=\"post\" class=\"wpcf7-form init\" aria-label=\"Contact form\" novalidate=\"novalidate\" data-status=\"init\" data-trp-original-action=\"\/fr\/wp-json\/wp\/v2\/pages\/6945#wpcf7-f6974-o1\">\n<div style=\"display: none;\">\n<input type=\"hidden\" name=\"_wpcf7\" value=\"6974\" \/>\n<input type=\"hidden\" name=\"_wpcf7_version\" value=\"5.8\" \/>\n<input type=\"hidden\" name=\"_wpcf7_locale\" value=\"en_US\" \/>\n<input type=\"hidden\" name=\"_wpcf7_unit_tag\" value=\"wpcf7-f6974-o1\" \/>\n<input type=\"hidden\" name=\"_wpcf7_container_post\" value=\"0\" \/>\n<input type=\"hidden\" name=\"_wpcf7_posted_data_hash\" value=\"\" \/>\n<\/div>\n<div class=\"qodef-contact-form-faq\"><span class=\"wpcf7-form-control-wrap\" data-name=\"your-message\"><textarea cols=\"40\" rows=\"6\" class=\"wpcf7-form-control wpcf7-textarea\" aria-invalid=\"false\" placeholder=\"Un message\" name=\"your-message\"><\/textarea><\/span><div><span class=\"wpcf7-form-control-wrap\" data-name=\"your-name\"><input size=\"40\" class=\"wpcf7-form-control wpcf7-text wpcf7-validates-as-required\" aria-required=\"true\" aria-invalid=\"false\" placeholder=\"votre nom\" value=\"\" type=\"text\" name=\"your-name\" \/><\/span><span class=\"wpcf7-form-control-wrap\" data-name=\"your-email\"><input size=\"40\" class=\"wpcf7-form-control wpcf7-email wpcf7-validates-as-required wpcf7-text wpcf7-validates-as-email\" aria-required=\"true\" aria-invalid=\"false\" placeholder=\"E-mail *\" value=\"\" type=\"email\" name=\"your-email\" \/><\/span><span class=\"wpcf7-form-control-wrap\" data-name=\"your-tel\"><input size=\"40\" class=\"wpcf7-form-control wpcf7-tel wpcf7-text wpcf7-validates-as-tel\" aria-invalid=\"false\" placeholder=\"T\u00e9l\u00e9phone\" value=\"\" type=\"tel\" name=\"your-tel\" \/><\/span><\/div><button class=\"wpcf7-form-control wpcf7-submit qodef-button qodef-size--normal qodef-layout--filled qodef-m\" type=\"submit\"><span class=\"qodef-m-text\">Envoyer<\/span><\/button><\/div><div class=\"wpcf7-response-output\" aria-hidden=\"true\"><\/div>\n<input type=\"hidden\" name=\"trp-form-language\" value=\"fr\"\/><\/form>\n<\/div>\n\t\t\t<\/div>\n\t\t\t\t\t<\/div>\n\t\t\t\t<\/div>\n\t\t\t\t\t<\/div>\n\t\t<\/div>\n\t\t\t\t\t\t\t<\/div>\n\t\t<\/section>\n\t\t\t\t\t\t\t<\/div>","protected":false},"excerpt":{"rendered":"<p>What is meant by Oracle Resource Hub? Oracle Resource Hub is an authorization level to Oracle partners who is the host to certified and qualified resources. Resources could be trainers or technical specialists in services such as implementation, support, etc. The Resource Hub is planned to be a resource provider to Oracle and Oracle partners. [&hellip;]<\/p>","protected":false},"author":1,"featured_media":0,"parent":0,"menu_order":0,"comment_status":"closed","ping_status":"closed","template":"page-full-width.php","meta":{"footnotes":""},"_links":{"self":[{"href":"https:\/\/proskillsasia.com\/fr\/wp-json\/wp\/v2\/pages\/6945"}],"collection":[{"href":"https:\/\/proskillsasia.com\/fr\/wp-json\/wp\/v2\/pages"}],"about":[{"href":"https:\/\/proskillsasia.com\/fr\/wp-json\/wp\/v2\/types\/page"}],"author":[{"embeddable":true,"href":"https:\/\/proskillsasia.com\/fr\/wp-json\/wp\/v2\/users\/1"}],"replies":[{"embeddable":true,"href":"https:\/\/proskillsasia.com\/fr\/wp-json\/wp\/v2\/comments?post=6945"}],"version-history":[{"count":56,"href":"https:\/\/proskillsasia.com\/fr\/wp-json\/wp\/v2\/pages\/6945\/revisions"}],"predecessor-version":[{"id":17237,"href":"https:\/\/proskillsasia.com\/fr\/wp-json\/wp\/v2\/pages\/6945\/revisions\/17237"}],"wp:attachment":[{"href":"https:\/\/proskillsasia.com\/fr\/wp-json\/wp\/v2\/media?parent=6945"}],"curies":[{"name":"wp","href":"https:\/\/api.w.org\/{rel}","templated":true}]}}