{"id":7037,"date":"2021-05-07T18:28:06","date_gmt":"2021-05-07T18:28:06","guid":{"rendered":"https:\/\/thorsten.qodeinteractive.com\/?page_id=7037"},"modified":"2022-04-13T00:13:04","modified_gmt":"2022-04-13T00:13:04","slug":"our-services","status":"publish","type":"page","link":"https:\/\/proskillsasia.com\/fr\/our-services\/","title":{"rendered":"Nos services"},"content":{"rendered":"<div data-elementor-type=\"wp-page\" data-elementor-id=\"7037\" class=\"elementor elementor-7037\">\n\t\t\t\t\t\t\t\t\t<section class=\"elementor-section elementor-top-section elementor-element elementor-element-1593037 qodef-elementor-content-grid elementor-section-boxed elementor-section-height-default elementor-section-height-default\" data-id=\"1593037\" data-element_type=\"section\">\n\t\t\t\t\t\t<div class=\"elementor-container elementor-column-gap-default\">\n\t\t\t\t\t<div class=\"elementor-column elementor-col-50 elementor-top-column elementor-element elementor-element-c3ebc91\" data-id=\"c3ebc91\" data-element_type=\"column\">\n\t\t\t<div class=\"elementor-widget-wrap elementor-element-populated\">\n\t\t\t\t\t\t\t\t<div class=\"elementor-element elementor-element-0753b1a elementor-widget__width-initial elementor-widget-tablet__width-inherit elementor-widget elementor-widget-thorsten_core_section_title\" data-id=\"0753b1a\" data-element_type=\"widget\" data-widget_type=\"thorsten_core_section_title.default\">\n\t\t\t\t<div class=\"elementor-widget-container\">\n\t\t\t<div class=\"qodef-shortcode qodef-m  qodef-section-title qodef-alignment--left   qodef-st-appear-animation--no\">\n\t\t<div class=\"qodef-m-tagline\" >\n\t\t\t\t\t<span class=\"qodef-m-separator\"><\/span>\n\t\t\t\t<p>comp\u00e9tences professionnelles<\/p>\n\t<\/div>\n\t\t<h2 class=\"qodef-m-title\" >\n\t\t\t\t\tPRESTATIONS DE SERVICE\t\t\t<\/h2>\n\t\t<p class=\"qodef-m-text\" style=\"margin-top: 20px\">Consid\u00e9r\u00e9 comme le fournisseur de formation le plus ing\u00e9nieux, ProSkills fournit aux partenaires Oracle et Tier 1 des consultants et des formateurs de haute qualit\u00e9 pour la gamme compl\u00e8te des cours techniques avanc\u00e9s dont ils ont besoin. Accr\u00e9dit\u00e9s par Oracle et d&#039;autres fournisseurs, tous nos formateurs ont une vaste exp\u00e9rience technique et une vaste exp\u00e9rience. H\u00e9bergeant les calibres les plus qualifi\u00e9s au monde, ProSkills est le partenaire de formation privil\u00e9gi\u00e9 des grandes organisations mondiales. <\/p>\n<\/div>\n\t\t<\/div>\n\t\t\t\t<\/div>\n\t\t\t\t<div class=\"elementor-element elementor-element-33f237e elementor-widget elementor-widget-thorsten_core_button\" data-id=\"33f237e\" data-element_type=\"widget\" data-widget_type=\"thorsten_core_button.default\">\n\t\t\t\t<div class=\"elementor-widget-container\">\n\t\t\t<a class=\"qodef-shortcode qodef-m  qodef-button qodef-layout--filled qodef-size--small qodef-html--link qodef--with-icon\" href=\"https:\/\/proskillsasia.com\/en\/courses-5\/\" target=\"_self\"  >\n\t<span class=\"qodef-m-text\">Voir plus<\/span>\n\t\t\t<svg class=\"qodef-m-button-icon\" x=\"0px\" y=\"0px\" viewbox=\"0 0 1015 771\" xml:space=\"preserve\"><polygon points=\"34.5,307.5 684.2,307.5 513,136.4 629,20.4 882.1,273.5 998.1,389.5 882.1,505.5 629,758.6 513,642.7 684.2,471.5 34.5,471.5 \"><\/polygon><\/svg>\t<\/a>\n\t\t<\/div>\n\t\t\t\t<\/div>\n\t\t\t\t\t<\/div>\n\t\t<\/div>\n\t\t\t\t<div class=\"elementor-column elementor-col-50 elementor-top-column elementor-element elementor-element-b8b1631\" data-id=\"b8b1631\" data-element_type=\"column\">\n\t\t\t<div class=\"elementor-widget-wrap elementor-element-populated\">\n\t\t\t\t\t\t\t\t<section class=\"elementor-section elementor-inner-section elementor-element elementor-element-21c5715 elementor-section-full_width elementor-section-height-default elementor-section-height-default qodef-elementor-content-no\" data-id=\"21c5715\" data-element_type=\"section\">\n\t\t\t\t\t\t<div class=\"elementor-container elementor-column-gap-default\">\n\t\t\t\t\t<div class=\"elementor-column elementor-col-50 elementor-inner-column elementor-element elementor-element-8f98d02\" data-id=\"8f98d02\" data-element_type=\"column\">\n\t\t\t<div class=\"elementor-widget-wrap elementor-element-populated\">\n\t\t\t\t\t\t\t\t<div class=\"elementor-element elementor-element-f677f25 elementor-widget elementor-widget-thorsten_core_info_section\" data-id=\"f677f25\" data-element_type=\"widget\" data-widget_type=\"thorsten_core_info_section.default\">\n\t\t\t\t<div class=\"elementor-widget-container\">\n\t\t\t<div class=\"qodef-shortcode qodef-m  qodef-info-section qodef-layout--background-text  qodef-background-text-pos--top-left\">\n\t<div class=\"qodef-m-background-text\">\n\t\t\t<\/div>\n\t<div class=\"qodef-m-info\">\n\t\t\t<h4 class=\"qodef-m-title\" style=\"color: #223E5E\">\n\t\tFormateurs<br \/> &amp; Consultants\t<\/h4>\n\t\t\t<p class=\"qodef-m-text\" style=\"color: #223E5E;margin-top: 50px\"> ProSkills abrite fi\u00e8rement les consultants techniques et commerciaux les plus qualifi\u00e9s et certifi\u00e9s, dot\u00e9s de connaissances approfondies et d&#039;une exp\u00e9rience pratique suffisante ....<\/p>\n\t\t\t<div class=\"qodef-m-button\">\n\t\t<a class=\"qodef-shortcode qodef-m  qodef-button qodef-layout--filled  qodef-html--link qodef--with-icon\" href=\"https:\/\/proskillsasia.com\/en\/trainers-&#038;-consultants\" target=\"_blank\"  >\t<span class=\"qodef-m-text\">Voir plus!<\/span>\t\t\t<svg class=\"qodef-m-button-icon\" x=\"0px\" y=\"0px\" viewbox=\"0 0 1015 771\" xml:space=\"preserve\"><polygon points=\"34.5,307.5 684.2,307.5 513,136.4 629,20.4 882.1,273.5 998.1,389.5 882.1,505.5 629,758.6 513,642.7 684.2,471.5 34.5,471.5 \"><\/polygon><\/svg>\t<\/a>\t<\/div>\n\t<\/div>\n<\/div>\n\t\t<\/div>\n\t\t\t\t<\/div>\n\t\t\t\t<div class=\"elementor-element elementor-element-50259ff elementor-widget elementor-widget-thorsten_core_info_section\" data-id=\"50259ff\" data-element_type=\"widget\" data-widget_type=\"thorsten_core_info_section.default\">\n\t\t\t\t<div class=\"elementor-widget-container\">\n\t\t\t<div class=\"qodef-shortcode qodef-m  qodef-info-section qodef-layout--background-text  qodef-background-text-pos--top-left\">\n\t<div class=\"qodef-m-background-text\">\n\t\t\t<\/div>\n\t<div class=\"qodef-m-info\">\n\t\t\t<h4 class=\"qodef-m-title\" style=\"color: #223E5E\">\n\t\tLa technologie<br \/> Ateliers\t<\/h4>\n\t\t\t<p class=\"qodef-m-text\" style=\"color: #223E5E;margin-top: 50px\">Ceux-ci sont con\u00e7us sp\u00e9cialement pour vous! \nNos workshops sont des programmes d\u2019entra\u00eenement intensifs sur mesure qui r\u00e9pondent \u00e0 vos besoins sp\u00e9cifiques.<\/p>\n\t\t\t<div class=\"qodef-m-button\">\n\t\t<a class=\"qodef-shortcode qodef-m  qodef-button qodef-layout--filled  qodef-html--link qodef--with-icon\" href=\"https:\/\/proskillsasia.com\/technology-workshops\" target=\"_blank\"  >\t<span class=\"qodef-m-text\">Voir plus!<\/span>\t\t\t<svg class=\"qodef-m-button-icon\" x=\"0px\" y=\"0px\" viewbox=\"0 0 1015 771\" xml:space=\"preserve\"><polygon points=\"34.5,307.5 684.2,307.5 513,136.4 629,20.4 882.1,273.5 998.1,389.5 882.1,505.5 629,758.6 513,642.7 684.2,471.5 34.5,471.5 \"><\/polygon><\/svg>\t<\/a>\t<\/div>\n\t<\/div>\n<\/div>\n\t\t<\/div>\n\t\t\t\t<\/div>\n\t\t\t\t\t<\/div>\n\t\t<\/div>\n\t\t\t\t<div class=\"elementor-column elementor-col-50 elementor-inner-column elementor-element elementor-element-42ecd5c\" data-id=\"42ecd5c\" data-element_type=\"column\">\n\t\t\t<div class=\"elementor-widget-wrap elementor-element-populated\">\n\t\t\t\t\t\t\t\t<div class=\"elementor-element elementor-element-6b116fb elementor-widget elementor-widget-thorsten_core_info_section\" data-id=\"6b116fb\" data-element_type=\"widget\" data-widget_type=\"thorsten_core_info_section.default\">\n\t\t\t\t<div class=\"elementor-widget-container\">\n\t\t\t<div class=\"qodef-shortcode qodef-m  qodef-info-section qodef-layout--background-text  qodef-background-text-pos--top-left\">\n\t<div class=\"qodef-m-background-text\">\n\t\t\t<\/div>\n\t<div class=\"qodef-m-info\">\n\t\t\t<h4 class=\"qodef-m-title\" style=\"color: #223E5E\">\n\t\tVendeur<br \/> Cours standards\t<\/h4>\n\t\t\t<p class=\"qodef-m-text\" style=\"color: #223E5E;margin-top: 50px\">Notre liste de cours comprend des cours de format standard des principaux fournisseurs de technologies tels que : Oracle, Redhat, VMware, IBM, Microsoft, CompTIA, etc.<\/p>\n\t\t\t<div class=\"qodef-m-button\">\n\t\t<a class=\"qodef-shortcode qodef-m  qodef-button qodef-layout--filled  qodef-html--link qodef--with-icon\" href=\"https:\/\/proskillsasia.com\/en\/vendor-standard-courses\/\" target=\"_blank\"  >\t<span class=\"qodef-m-text\">Voir plus!<\/span>\t\t\t<svg class=\"qodef-m-button-icon\" x=\"0px\" y=\"0px\" viewbox=\"0 0 1015 771\" xml:space=\"preserve\"><polygon points=\"34.5,307.5 684.2,307.5 513,136.4 629,20.4 882.1,273.5 998.1,389.5 882.1,505.5 629,758.6 513,642.7 684.2,471.5 34.5,471.5 \"><\/polygon><\/svg>\t<\/a>\t<\/div>\n\t<\/div>\n<\/div>\n\t\t<\/div>\n\t\t\t\t<\/div>\n\t\t\t\t<div class=\"elementor-element elementor-element-515c5ef elementor-widget elementor-widget-thorsten_core_info_section\" data-id=\"515c5ef\" data-element_type=\"widget\" data-widget_type=\"thorsten_core_info_section.default\">\n\t\t\t\t<div class=\"elementor-widget-container\">\n\t\t\t<div class=\"qodef-shortcode qodef-m  qodef-info-section qodef-layout--background-text qodef-title-break--disabled qodef-background-text-pos--top-left\">\n\t<div class=\"qodef-m-background-text\">\n\t\t\t<\/div>\n\t<div class=\"qodef-m-info\">\n\t\t\t<h4 class=\"qodef-m-title\" style=\"color: #223E5E\">\n\t\tUtilisateur<br \/> Service d&#039;adoption\t<\/h4>\n\t\t\t<p class=\"qodef-m-text\" style=\"color: #223E5E;margin-top: 50px\">Orient\u00e9 vers les utilisateurs d\u2019applications non informatiques afin d\u2019am\u00e9liorer leurs productivit\u00e9s et leurs performances; en m\u00eame temps augmenter l\u2019utilisation de l\u2019application par cons\u00e9quent \u2026<\/p>\n\t\t\t<div class=\"qodef-m-button\">\n\t\t<a class=\"qodef-shortcode qodef-m  qodef-button qodef-layout--filled  qodef-html--link qodef--with-icon\" href=\"https:\/\/proskillsasia.com\/en\/user-adoption-service\/\" target=\"_blank\"  >\t<span class=\"qodef-m-text\">Voir plus!<\/span>\t\t\t<svg class=\"qodef-m-button-icon\" x=\"0px\" y=\"0px\" viewbox=\"0 0 1015 771\" xml:space=\"preserve\"><polygon points=\"34.5,307.5 684.2,307.5 513,136.4 629,20.4 882.1,273.5 998.1,389.5 882.1,505.5 629,758.6 513,642.7 684.2,471.5 34.5,471.5 \"><\/polygon><\/svg>\t<\/a>\t<\/div>\n\t<\/div>\n<\/div>\n\t\t<\/div>\n\t\t\t\t<\/div>\n\t\t\t\t\t<\/div>\n\t\t<\/div>\n\t\t\t\t\t\t\t<\/div>\n\t\t<\/section>\n\t\t\t\t\t<\/div>\n\t\t<\/div>\n\t\t\t\t\t\t\t<\/div>\n\t\t<\/section>\n\t\t\t\t<section class=\"elementor-section elementor-top-section elementor-element elementor-element-ba2c14f elementor-section-full_width elementor-section-height-min-height elementor-section-height-default elementor-section-items-middle qodef-elementor-content-no\" data-id=\"ba2c14f\" data-element_type=\"section\">\n\t\t\t\t\t\t<div class=\"elementor-container elementor-column-gap-no\">\n\t\t\t\t\t<div class=\"elementor-column elementor-col-100 elementor-top-column elementor-element elementor-element-11b56c6\" data-id=\"11b56c6\" data-element_type=\"column\">\n\t\t\t<div class=\"elementor-widget-wrap\">\n\t\t\t\t\t\t\t\t\t<\/div>\n\t\t<\/div>\n\t\t\t\t\t\t\t<\/div>\n\t\t<\/section>\n\t\t\t\t<section class=\"elementor-section elementor-top-section elementor-element elementor-element-bb21717 qodef-elementor-content-grid elementor-hidden-desktop elementor-hidden-tablet elementor-hidden-mobile elementor-section-boxed elementor-section-height-default elementor-section-height-default\" data-id=\"bb21717\" data-element_type=\"section\">\n\t\t\t\t\t\t<div class=\"elementor-container elementor-column-gap-default\">\n\t\t\t\t\t<div class=\"elementor-column elementor-col-50 elementor-top-column elementor-element elementor-element-8b3fe42\" data-id=\"8b3fe42\" data-element_type=\"column\">\n\t\t\t<div class=\"elementor-widget-wrap elementor-element-populated\">\n\t\t\t\t\t\t\t\t<div class=\"elementor-element elementor-element-1e00aa5 elementor-widget__width-initial elementor-widget-tablet__width-inherit elementor-widget elementor-widget-thorsten_core_section_title\" data-id=\"1e00aa5\" data-element_type=\"widget\" data-widget_type=\"thorsten_core_section_title.default\">\n\t\t\t\t<div class=\"elementor-widget-container\">\n\t\t\t<div class=\"qodef-shortcode qodef-m  qodef-section-title qodef-alignment--left   qodef-st-appear-animation--no\">\n\t\t<div class=\"qodef-m-tagline\" >\n\t\t\t\t\t<span class=\"qodef-m-separator\"><\/span>\n\t\t\t\t<p>comp\u00e9tences professionnelles<\/p>\n\t<\/div>\n\t\t<h2 class=\"qodef-m-title\" >\n\t\t\t\t\tResponsabilit\u00e9 Soci\u00e9tale des Entreprises (RSE) :\t\t\t<\/h2>\n\t\t<p class=\"qodef-m-text\" >De par notre responsabilit\u00e9 envers la communaut\u00e9, nous nous associons \u00e0 des entit\u00e9s gouvernementales et priv\u00e9es pour leur fournir des bourses d&#039;\u00e9tudes techniques. Nous offrons nos cours techniques comp\u00e9tents par une \u00e9quipe professionnelle de mentors utiles et de consultants experts. Comme autre initiative, nous pr\u00e9sentons les universitaires et stagiaires exceptionnels \u00e0 notre vaste r\u00e9seau d&#039;entreprises et d&#039;entreprises et les rapprochons du march\u00e9 du travail. Nous recherchons des opportunit\u00e9s de stage ou de travail fructueuses et efficaces pour les meilleurs boursiers. Comme nous appr\u00e9cions la diffusion des connaissances et l&#039;exploitation des capacit\u00e9s, nous fournissons ce service totalement gratuit. Du tutorat et du mentorat \u00e0 la recommandation de calibres hautement qualifi\u00e9s, nous nous engageons \u00e0 aider les jeunes ambitieux de la r\u00e9gion et \u00e0 poursuivre notre vision \u00e0 long terme pour diffuser les connaissances techniques et forger la transformation num\u00e9rique dans toute la r\u00e9gion.<\/p>\n<\/div>\n\t\t<\/div>\n\t\t\t\t<\/div>\n\t\t\t\t<div class=\"elementor-element elementor-element-679f2d4 elementor-widget elementor-widget-thorsten_core_button\" data-id=\"679f2d4\" data-element_type=\"widget\" data-widget_type=\"thorsten_core_button.default\">\n\t\t\t\t<div class=\"elementor-widget-container\">\n\t\t\t<a class=\"qodef-shortcode qodef-m  qodef-button qodef-layout--filled qodef-size--small qodef-html--link qodef--with-icon\" href=\"https:\/\/proskillsasia.com\/en\/courses-5\/\" target=\"_self\"  >\n\t<span class=\"qodef-m-text\">Voir plus<\/span>\n\t\t\t<svg class=\"qodef-m-button-icon\" x=\"0px\" y=\"0px\" viewbox=\"0 0 1015 771\" xml:space=\"preserve\"><polygon points=\"34.5,307.5 684.2,307.5 513,136.4 629,20.4 882.1,273.5 998.1,389.5 882.1,505.5 629,758.6 513,642.7 684.2,471.5 34.5,471.5 \"><\/polygon><\/svg>\t<\/a>\n\t\t<\/div>\n\t\t\t\t<\/div>\n\t\t\t\t\t<\/div>\n\t\t<\/div>\n\t\t\t\t<div class=\"elementor-column elementor-col-50 elementor-top-column elementor-element elementor-element-8724aa2\" data-id=\"8724aa2\" data-element_type=\"column\">\n\t\t\t<div class=\"elementor-widget-wrap elementor-element-populated\">\n\t\t\t\t\t\t\t\t<section class=\"elementor-section elementor-inner-section elementor-element elementor-element-d020e29 elementor-section-full_width elementor-section-height-default elementor-section-height-default qodef-elementor-content-no\" data-id=\"d020e29\" data-element_type=\"section\">\n\t\t\t\t\t\t<div class=\"elementor-container elementor-column-gap-default\">\n\t\t\t\t\t<div class=\"elementor-column elementor-col-50 elementor-inner-column elementor-element elementor-element-b592bfc\" data-id=\"b592bfc\" data-element_type=\"column\">\n\t\t\t<div class=\"elementor-widget-wrap elementor-element-populated\">\n\t\t\t\t\t\t\t\t<div class=\"elementor-element elementor-element-68cba21 elementor-widget elementor-widget-thorsten_core_icon_with_text\" data-id=\"68cba21\" data-element_type=\"widget\" data-widget_type=\"thorsten_core_icon_with_text.default\">\n\t\t\t\t<div class=\"elementor-widget-container\">\n\t\t\t<div class=\"qodef-shortcode qodef-m  qodef-icon-with-text qodef-layout--top qodef--svg-icon qodef-alignment--left\">\n\t<div class=\"qodef-m-icon-wrapper\" style=\"color: #FFE3FE\">\n\t\t\t<div class=\"qodef-m-svg\" style=\"color: #FFE3FE\">\n\t\t<svg class=\"qodef-custom-svg-3\" viewbox=\"0 0 86 64.6\" style=\"enable-background:new 0 0 86 64.6;\" xml:space=\"preserve\">\n<g>\n<circle class=\"qodef-svg-icon-background\" cx=\"59.1\" cy=\"28\" r=\"26.9\"><\/circle>\n<circle class=\"qodef-svg-icon-shape\" cx=\"38.8\" cy=\"36.1\" r=\"26.9\"><\/circle>\n<rect class=\"qodef-svg-icon-front\" y=\"22.9\" width=\"28.3\" height=\"28.3\"><\/rect>\n<\/g>\n<\/svg>\n\n\t\t<\/div>\n\t<\/div>\n\t<div class=\"qodef-m-content\">\n\t\t\t<h4 class=\"qodef-m-title\" style=\"margin-top: 15px\">\n\t\t\t\t\t<span class=\"qodef-m-title-text\">Cours Oracle<\/span>\n\t\t\t<\/h4>\n\t\t\t<p class=\"qodef-m-text\" style=\"margin-top: 15px\">Ce cours vous permettra de jouer un r\u00f4le de premier plan en guidant votre organisation pour assimiler toute la valeur d&#039;Oracle E-Business Suite.<\/p>\n\t<\/div>\n<\/div>\n\t\t<\/div>\n\t\t\t\t<\/div>\n\t\t\t\t<div class=\"elementor-element elementor-element-dca40c0 elementor-widget elementor-widget-thorsten_core_icon_with_text\" data-id=\"dca40c0\" data-element_type=\"widget\" data-widget_type=\"thorsten_core_icon_with_text.default\">\n\t\t\t\t<div class=\"elementor-widget-container\">\n\t\t\t<div class=\"qodef-shortcode qodef-m  qodef-icon-with-text qodef-layout--top qodef--svg-icon qodef-alignment--left\">\n\t<div class=\"qodef-m-icon-wrapper\" style=\"color: #FFE5D7\">\n\t\t\t<div class=\"qodef-m-svg\" style=\"color: #FFE5D7\">\n\t\t<svg class=\"qodef-custom-svg-1\" viewbox=\"0 0 86 64.6\" style=\"enable-background:new 0 0 86 64.6;\" xml:space=\"preserve\">\n<g>\n<circle class=\"qodef-svg-icon-background\" cx=\"51.7\" cy=\"27.1\" r=\"26.9\"><\/circle>\n<circle class=\"qodef-svg-icon-shape\" cx=\"37.7\" cy=\"37\" r=\"26.9\"><\/circle>\n<polygon class=\"qodef-svg-icon-front\" points=\"38.6,37 23,46 7.4,55 7.4,37 7.4,19 23,28 \"><\/polygon>\n<\/g>\n<\/svg>\t\t<\/div>\n\t<\/div>\n\t<div class=\"qodef-m-content\">\n\t\t\t<h4 class=\"qodef-m-title\" style=\"margin-top: 15px\">\n\t\t\t\t\t<span class=\"qodef-m-title-text\">Cours de comp\u00e9tences non techniques<\/span>\n\t\t\t<\/h4>\n\t\t\t<p class=\"qodef-m-text\" style=\"margin-top: 15px\">Vous vous sentez d\u00e9pass\u00e9 par toutes vos t\u00e2ches et les t\u00e2ches \u00e0 effectuer \u00ab\u00a0semblent\u00a0\u00bb partager la m\u00eame priorit\u00e9 et la m\u00eame urgence\u00a0?  <\/p>\n\t<\/div>\n<\/div>\n\t\t<\/div>\n\t\t\t\t<\/div>\n\t\t\t\t\t<\/div>\n\t\t<\/div>\n\t\t\t\t<div class=\"elementor-column elementor-col-50 elementor-inner-column elementor-element elementor-element-2a65c13\" data-id=\"2a65c13\" data-element_type=\"column\">\n\t\t\t<div class=\"elementor-widget-wrap elementor-element-populated\">\n\t\t\t\t\t\t\t\t<div class=\"elementor-element elementor-element-5dff915 elementor-widget elementor-widget-thorsten_core_icon_with_text\" data-id=\"5dff915\" data-element_type=\"widget\" data-widget_type=\"thorsten_core_icon_with_text.default\">\n\t\t\t\t<div class=\"elementor-widget-container\">\n\t\t\t<div class=\"qodef-shortcode qodef-m  qodef-icon-with-text qodef-layout--top qodef--svg-icon qodef-alignment--left\">\n\t<div class=\"qodef-m-icon-wrapper\" style=\"color: #FEECC5\">\n\t\t\t<div class=\"qodef-m-svg\" style=\"color: #FEECC5\">\n\t\t<svg class=\"qodef-custom-svg-4\" x=\"0px\" y=\"0px\" viewbox=\"0 0 86 64.6\" style=\"enable-background:new 0 0 86 64.6;\" xml:space=\"preserve\">\n<g>\n<polygon class=\"qodef-svg-icon-background\" points=\"51.3,54.4 36,27.7 20.6,1.1 51.3,1.1 82.1,1.1 66.7,27.7 \"><\/polygon>\n<polygon class=\"qodef-svg-icon-shape\" points=\"34.6,63.1 19.3,36.4 3.9,9.8 34.6,9.8 65.4,9.8 50,36.4 \"><\/polygon>\n<circle class=\"qodef-svg-icon-front\" cx=\"52.2\" cy=\"38\" r=\"15.5\"><\/circle>\n<\/g>\n<\/svg>\t\t<\/div>\n\t<\/div>\n\t<div class=\"qodef-m-content\">\n\t\t\t<h4 class=\"qodef-m-title\" style=\"margin-top: 15px\">\n\t\t\t\t\t<span class=\"qodef-m-title-text\">Cours SAP<\/span>\n\t\t\t<\/h4>\n\t\t\t<p class=\"qodef-m-text\" style=\"margin-top: 15px\">Ce cours intensif approfondit le savoir-faire de l&#039;architecture et des fonctionnalit\u00e9s de SAP ERP Financials.<\/p>\n\t<\/div>\n<\/div>\n\t\t<\/div>\n\t\t\t\t<\/div>\n\t\t\t\t<div class=\"elementor-element elementor-element-ada0e7b elementor-widget elementor-widget-thorsten_core_icon_with_text\" data-id=\"ada0e7b\" data-element_type=\"widget\" data-widget_type=\"thorsten_core_icon_with_text.default\">\n\t\t\t\t<div class=\"elementor-widget-container\">\n\t\t\t<div class=\"qodef-shortcode qodef-m  qodef-icon-with-text qodef-layout--top qodef--svg-icon qodef-alignment--left\">\n\t<div class=\"qodef-m-icon-wrapper\" style=\"color: #E9F5FE\">\n\t\t\t<div class=\"qodef-m-svg\" style=\"color: #E9F5FE\">\n\t\t<svg class=\"qodef-custom-svg-2\" x=\"0px\" y=\"0px\" viewbox=\"0 0 86 64.6\" style=\"enable-background:new 0 0 86 64.6;\" xml:space=\"preserve\">\n<g>\n<rect class=\"qodef-svg-icon-background\" x=\"37.9\" width=\"45.4\" height=\"45.4\"><\/rect>\n<rect class=\"qodef-svg-icon-shape\" x=\"18.9\" y=\"12.3\" width=\"51.9\" height=\"51.9\"><\/rect>\n<circle class=\"qodef-svg-icon-front\" cx=\"18.3\" cy=\"38.2\" r=\"15.5\"><\/circle>\n<\/g>\n<\/svg>\n\n\t\t<\/div>\n\t<\/div>\n\t<div class=\"qodef-m-content\">\n\t\t\t<h4 class=\"qodef-m-title\" style=\"margin-top: 15px\">\n\t\t\t\t\t<span class=\"qodef-m-title-text\">Cours de gestion<\/span>\n\t\t\t<\/h4>\n\t\t\t<p class=\"qodef-m-text\" style=\"margin-top: 15px\">Il vous est arriv\u00e9 d&#039;assumer un r\u00f4le de leadership et vous aspirez \u00e0 am\u00e9liorer vos comp\u00e9tences en leadership pour vous adapter \u00e0 ce nouveau poste. Nous avons ce qu&#039;il vous faut ! <\/p>\n\t<\/div>\n<\/div>\n\t\t<\/div>\n\t\t\t\t<\/div>\n\t\t\t\t\t<\/div>\n\t\t<\/div>\n\t\t\t\t\t\t\t<\/div>\n\t\t<\/section>\n\t\t\t\t\t<\/div>\n\t\t<\/div>\n\t\t\t\t\t\t\t<\/div>\n\t\t<\/section>\n\t\t\t\t\t\t\t<\/div>","protected":false},"excerpt":{"rendered":"<p>proskills SERVICES Considered the most resourceful training provider, ProSkills provides Oracle and Tier 1 partners with high quality consultants and trainers for the full range of the advanced technical courses they need. Accredited by Oracle and other vendors, all our trainers have got an extensive technical background and experience. Hosting the world\u2019s most qualified calibers, [&hellip;]<\/p>","protected":false},"author":1,"featured_media":0,"parent":0,"menu_order":0,"comment_status":"closed","ping_status":"closed","template":"page-full-width.php","meta":{"footnotes":""},"_links":{"self":[{"href":"https:\/\/proskillsasia.com\/fr\/wp-json\/wp\/v2\/pages\/7037"}],"collection":[{"href":"https:\/\/proskillsasia.com\/fr\/wp-json\/wp\/v2\/pages"}],"about":[{"href":"https:\/\/proskillsasia.com\/fr\/wp-json\/wp\/v2\/types\/page"}],"author":[{"embeddable":true,"href":"https:\/\/proskillsasia.com\/fr\/wp-json\/wp\/v2\/users\/1"}],"replies":[{"embeddable":true,"href":"https:\/\/proskillsasia.com\/fr\/wp-json\/wp\/v2\/comments?post=7037"}],"version-history":[{"count":65,"href":"https:\/\/proskillsasia.com\/fr\/wp-json\/wp\/v2\/pages\/7037\/revisions"}],"predecessor-version":[{"id":17234,"href":"https:\/\/proskillsasia.com\/fr\/wp-json\/wp\/v2\/pages\/7037\/revisions\/17234"}],"wp:attachment":[{"href":"https:\/\/proskillsasia.com\/fr\/wp-json\/wp\/v2\/media?parent=7037"}],"curies":[{"name":"wp","href":"https:\/\/api.w.org\/{rel}","templated":true}]}}