{"id":16626,"date":"2021-10-13T08:55:56","date_gmt":"2021-10-13T08:55:56","guid":{"rendered":"https:\/\/proskillsasia.com\/?page_id=16626"},"modified":"2022-04-13T01:43:18","modified_gmt":"2022-04-13T01:43:18","slug":"oracle","status":"publish","type":"page","link":"https:\/\/proskillsasia.com\/tr\/oracle\/","title":{"rendered":"kehanet"},"content":{"rendered":"<div data-elementor-type=\"wp-page\" data-elementor-id=\"16626\" class=\"elementor elementor-16626\">\n\t\t\t\t\t\t\t\t\t<section class=\"elementor-section elementor-top-section elementor-element elementor-element-7b74022 elementor-section-boxed elementor-section-height-default elementor-section-height-default qodef-elementor-content-no\" data-id=\"7b74022\" data-element_type=\"section\">\n\t\t\t\t\t\t<div class=\"elementor-container elementor-column-gap-default\">\n\t\t\t\t\t<div class=\"elementor-column elementor-col-100 elementor-top-column elementor-element elementor-element-fcaad8f\" data-id=\"fcaad8f\" data-element_type=\"column\">\n\t\t\t<div class=\"elementor-widget-wrap elementor-element-populated\">\n\t\t\t\t\t\t\t\t<div class=\"elementor-element elementor-element-d1f7aa2 elementor-widget elementor-widget-thorsten_core_portfolio_category_list\" data-id=\"d1f7aa2\" data-element_type=\"widget\" data-widget_type=\"thorsten_core_portfolio_category_list.default\">\n\t\t\t\t<div class=\"elementor-widget-container\">\n\t\t\t<div class=\"qodef-shortcode qodef-m  qodef-portfolio-category-list qodef-layout--standard qodef-grid qodef-layout--columns   qodef-gutter--normal qodef-col-num--3 qodef-item-layout--standard qodef-responsive--predefined\">\n\t<div class=\"qodef-grid-inner clear\">\n\t\t<article class=\"qodef-e qodef-grid-item qodef-item--full\">\n\t<div class=\"qodef-e-inner\">\n\t\t\t\t<div class=\"qodef-e-content\">\n\t\t\t<h4 itemprop=\"name\" class=\"qodef-e-title entry-title\" >\n\tWebCenter<\/h4>\n\t\t\t\t\t<\/div>\n\t\t<a itemprop=\"url\" class=\"qodef-e-link\" href=\"https:\/\/proskillsasia.com\/tr\/portfolio-category\/webcenter\/\"><\/a>\n\t<\/div>\n<\/article>\n<article class=\"qodef-e qodef-grid-item qodef-item--full\">\n\t<div class=\"qodef-e-inner\">\n\t\t\t\t<div class=\"qodef-e-content\">\n\t\t\t<h4 itemprop=\"name\" class=\"qodef-e-title entry-title\" >\n\tTransaction Processing<\/h4>\n\t\t\t\t\t<\/div>\n\t\t<a itemprop=\"url\" class=\"qodef-e-link\" href=\"https:\/\/proskillsasia.com\/tr\/portfolio-category\/transaction-processing-2\/\"><\/a>\n\t<\/div>\n<\/article>\n<article class=\"qodef-e qodef-grid-item qodef-item--full\">\n\t<div class=\"qodef-e-inner\">\n\t\t\t\t<div class=\"qodef-e-content\">\n\t\t\t<h4 itemprop=\"name\" class=\"qodef-e-title entry-title\" >\n\tTalent Management Cloud<\/h4>\n\t\t\t\t\t<\/div>\n\t\t<a itemprop=\"url\" class=\"qodef-e-link\" href=\"https:\/\/proskillsasia.com\/tr\/portfolio-category\/talent-management-cloud-2\/\"><\/a>\n\t<\/div>\n<\/article>\n<article class=\"qodef-e qodef-grid-item qodef-item--full\">\n\t<div class=\"qodef-e-inner\">\n\t\t\t\t<div class=\"qodef-e-content\">\n\t\t\t<h4 itemprop=\"name\" class=\"qodef-e-title entry-title\" >\n\tStorage<\/h4>\n\t\t\t\t\t<\/div>\n\t\t<a itemprop=\"url\" class=\"qodef-e-link\" href=\"https:\/\/proskillsasia.com\/tr\/portfolio-category\/storage-2\/\"><\/a>\n\t<\/div>\n<\/article>\n<article class=\"qodef-e qodef-grid-item qodef-item--full\">\n\t<div class=\"qodef-e-inner\">\n\t\t\t\t<div class=\"qodef-e-content\">\n\t\t\t<h4 itemprop=\"name\" class=\"qodef-e-title entry-title\" >\n\tSoftware as a Service &#8211; Oracle Supply Chain Management Cloud<\/h4>\n\t\t\t\t\t<\/div>\n\t\t<a itemprop=\"url\" class=\"qodef-e-link\" href=\"https:\/\/proskillsasia.com\/tr\/portfolio-category\/software-as-a-service-oracle-supply-chain-management-cloud-2\/\"><\/a>\n\t<\/div>\n<\/article>\n<article class=\"qodef-e qodef-grid-item qodef-item--full\">\n\t<div class=\"qodef-e-inner\">\n\t\t\t\t<div class=\"qodef-e-content\">\n\t\t\t<h4 itemprop=\"name\" class=\"qodef-e-title entry-title\" >\n\tSoftware as a Service &#8211; Oracle Human Capital Management Cloud<\/h4>\n\t\t\t\t\t<\/div>\n\t\t<a itemprop=\"url\" class=\"qodef-e-link\" href=\"https:\/\/proskillsasia.com\/tr\/portfolio-category\/software-as-a-service-oracle-human-capital-management-cloud-2\/\"><\/a>\n\t<\/div>\n<\/article>\n<article class=\"qodef-e qodef-grid-item qodef-item--full\">\n\t<div class=\"qodef-e-inner\">\n\t\t\t\t<div class=\"qodef-e-content\">\n\t\t\t<h4 itemprop=\"name\" class=\"qodef-e-title entry-title\" >\n\tSoftware as a Service &#8211; Oracle Enterprise Resource Planning Cloud<\/h4>\n\t\t\t\t\t<\/div>\n\t\t<a itemprop=\"url\" class=\"qodef-e-link\" href=\"https:\/\/proskillsasia.com\/tr\/portfolio-category\/software-as-a-service-oracle-enterprise-resource-planning-cloud-2\/\"><\/a>\n\t<\/div>\n<\/article>\n<article class=\"qodef-e qodef-grid-item qodef-item--full\">\n\t<div class=\"qodef-e-inner\">\n\t\t\t\t<div class=\"qodef-e-content\">\n\t\t\t<h4 itemprop=\"name\" class=\"qodef-e-title entry-title\" >\n\tSoftware as a Service &#8211; Oracle Enterprise Performance Management Cloud<\/h4>\n\t\t\t\t\t<\/div>\n\t\t<a itemprop=\"url\" class=\"qodef-e-link\" href=\"https:\/\/proskillsasia.com\/tr\/portfolio-category\/software-as-a-service-oracle-enterprise-performance-management-cloud-2\/\"><\/a>\n\t<\/div>\n<\/article>\n<article class=\"qodef-e qodef-grid-item qodef-item--full\">\n\t<div class=\"qodef-e-inner\">\n\t\t\t\t<div class=\"qodef-e-content\">\n\t\t\t<h4 itemprop=\"name\" class=\"qodef-e-title entry-title\" >\n\tSoftware as a Service &#8211; Oracle Customer Experience Cloud<\/h4>\n\t\t\t\t\t<\/div>\n\t\t<a itemprop=\"url\" class=\"qodef-e-link\" href=\"https:\/\/proskillsasia.com\/tr\/portfolio-category\/software-as-a-service-oracle-customer-experience-cloud-2\/\"><\/a>\n\t<\/div>\n<\/article>\n<article class=\"qodef-e qodef-grid-item qodef-item--full\">\n\t<div class=\"qodef-e-inner\">\n\t\t\t\t<div class=\"qodef-e-content\">\n\t\t\t<h4 itemprop=\"name\" class=\"qodef-e-title entry-title\" >\n\tSoftware as a Service &#8211; Oracle Cloud Applications Tools &amp; Technologies<\/h4>\n\t\t\t\t\t<\/div>\n\t\t<a itemprop=\"url\" class=\"qodef-e-link\" href=\"https:\/\/proskillsasia.com\/tr\/portfolio-category\/software-as-a-service-oracle-cloud-applications-tools-technologies-2\/\"><\/a>\n\t<\/div>\n<\/article>\n<article class=\"qodef-e qodef-grid-item qodef-item--full\">\n\t<div class=\"qodef-e-inner\">\n\t\t\t\t<div class=\"qodef-e-content\">\n\t\t\t<h4 itemprop=\"name\" class=\"qodef-e-title entry-title\" >\n\tSOA ve BPM<\/h4>\n\t\t\t\t\t<\/div>\n\t\t<a itemprop=\"url\" class=\"qodef-e-link\" href=\"https:\/\/proskillsasia.com\/tr\/portfolio-category\/soa-and-bpm-2\/\"><\/a>\n\t<\/div>\n<\/article>\n<article class=\"qodef-e qodef-grid-item qodef-item--full\">\n\t<div class=\"qodef-e-inner\">\n\t\t\t\t<div class=\"qodef-e-content\">\n\t\t\t<h4 itemprop=\"name\" class=\"qodef-e-title entry-title\" >\n\tSiebel<\/h4>\n\t\t\t\t\t<\/div>\n\t\t<a itemprop=\"url\" class=\"qodef-e-link\" href=\"https:\/\/proskillsasia.com\/tr\/portfolio-category\/siebel-2\/\"><\/a>\n\t<\/div>\n<\/article>\n<article class=\"qodef-e qodef-grid-item qodef-item--full\">\n\t<div class=\"qodef-e-inner\">\n\t\t\t\t<div class=\"qodef-e-content\">\n\t\t\t<h4 itemprop=\"name\" class=\"qodef-e-title entry-title\" >\n\tServers<\/h4>\n\t\t\t\t\t<\/div>\n\t\t<a itemprop=\"url\" class=\"qodef-e-link\" href=\"https:\/\/proskillsasia.com\/tr\/portfolio-category\/servers-2\/\"><\/a>\n\t<\/div>\n<\/article>\n<article class=\"qodef-e qodef-grid-item qodef-item--full\">\n\t<div class=\"qodef-e-inner\">\n\t\t\t\t<div class=\"qodef-e-content\">\n\t\t\t<h4 itemprop=\"name\" class=\"qodef-e-title entry-title\" >\n\tServer Virtualization<\/h4>\n\t\t\t\t\t<\/div>\n\t\t<a itemprop=\"url\" class=\"qodef-e-link\" href=\"https:\/\/proskillsasia.com\/tr\/portfolio-category\/server-virtualization-2\/\"><\/a>\n\t<\/div>\n<\/article>\n<article class=\"qodef-e qodef-grid-item qodef-item--full\">\n\t<div class=\"qodef-e-inner\">\n\t\t\t\t<div class=\"qodef-e-content\">\n\t\t\t<h4 itemprop=\"name\" class=\"qodef-e-title entry-title\" >\n\tHizmet Olarak Platform (PaaS)<\/h4>\n\t\t\t\t\t<\/div>\n\t\t<a itemprop=\"url\" class=\"qodef-e-link\" href=\"https:\/\/proskillsasia.com\/tr\/portfolio-category\/platform-as-a-service-paas-2\/\"><\/a>\n\t<\/div>\n<\/article>\n<article class=\"qodef-e qodef-grid-item qodef-item--full\">\n\t<div class=\"qodef-e-inner\">\n\t\t\t\t<div class=\"qodef-e-content\">\n\t\t\t<h4 itemprop=\"name\" class=\"qodef-e-title entry-title\" >\n\tPeopleSoft<\/h4>\n\t\t\t\t\t<\/div>\n\t\t<a itemprop=\"url\" class=\"qodef-e-link\" href=\"https:\/\/proskillsasia.com\/tr\/portfolio-category\/peoplesoft-2\/\"><\/a>\n\t<\/div>\n<\/article>\n<article class=\"qodef-e qodef-grid-item qodef-item--full\">\n\t<div class=\"qodef-e-inner\">\n\t\t\t\t<div class=\"qodef-e-content\">\n\t\t\t<h4 itemprop=\"name\" class=\"qodef-e-title entry-title\" >\n\tOracle Yard\u0131mc\u0131 Programlar\u0131<\/h4>\n\t\t\t\t\t<\/div>\n\t\t<a itemprop=\"url\" class=\"qodef-e-link\" href=\"https:\/\/proskillsasia.com\/tr\/portfolio-category\/oracle-utilities-2\/\"><\/a>\n\t<\/div>\n<\/article>\n<article class=\"qodef-e qodef-grid-item qodef-item--full\">\n\t<div class=\"qodef-e-inner\">\n\t\t\t\t<div class=\"qodef-e-content\">\n\t\t\t<h4 itemprop=\"name\" class=\"qodef-e-title entry-title\" >\n\tOracle UPK<\/h4>\n\t\t\t\t\t<\/div>\n\t\t<a itemprop=\"url\" class=\"qodef-e-link\" href=\"https:\/\/proskillsasia.com\/tr\/portfolio-category\/oracle-upk-2\/\"><\/a>\n\t<\/div>\n<\/article>\n<article class=\"qodef-e qodef-grid-item qodef-item--full\">\n\t<div class=\"qodef-e-inner\">\n\t\t\t\t<div class=\"qodef-e-content\">\n\t\t\t<h4 itemprop=\"name\" class=\"qodef-e-title entry-title\" >\n\tOracle Ta\u015f\u0131mac\u0131l\u0131k Y\u00f6netimi<\/h4>\n\t\t\t\t\t<\/div>\n\t\t<a itemprop=\"url\" class=\"qodef-e-link\" href=\"https:\/\/proskillsasia.com\/tr\/portfolio-category\/oracle-transportation-management-2\/\"><\/a>\n\t<\/div>\n<\/article>\n<article class=\"qodef-e qodef-grid-item qodef-item--full\">\n\t<div class=\"qodef-e-inner\">\n\t\t\t\t<div class=\"qodef-e-content\">\n\t\t\t<h4 itemprop=\"name\" class=\"qodef-e-title entry-title\" >\n\tOracle Tax Applications<\/h4>\n\t\t\t\t\t<\/div>\n\t\t<a itemprop=\"url\" class=\"qodef-e-link\" href=\"https:\/\/proskillsasia.com\/tr\/portfolio-category\/oracle-tax-applications-2\/\"><\/a>\n\t<\/div>\n<\/article>\n<article class=\"qodef-e qodef-grid-item qodef-item--full\">\n\t<div class=\"qodef-e-inner\">\n\t\t\t\t<div class=\"qodef-e-content\">\n\t\t\t<h4 itemprop=\"name\" class=\"qodef-e-title entry-title\" >\n\tOracle Solaris<\/h4>\n\t\t\t\t\t<\/div>\n\t\t<a itemprop=\"url\" class=\"qodef-e-link\" href=\"https:\/\/proskillsasia.com\/tr\/portfolio-category\/oracle-solaris-2\/\"><\/a>\n\t<\/div>\n<\/article>\n<article class=\"qodef-e qodef-grid-item qodef-item--full\">\n\t<div class=\"qodef-e-inner\">\n\t\t\t\t<div class=\"qodef-e-content\">\n\t\t\t<h4 itemprop=\"name\" class=\"qodef-e-title entry-title\" >\n\tOracle Perakende<\/h4>\n\t\t\t\t\t<\/div>\n\t\t<a itemprop=\"url\" class=\"qodef-e-link\" href=\"https:\/\/proskillsasia.com\/tr\/portfolio-category\/oracle-retail-2\/\"><\/a>\n\t<\/div>\n<\/article>\n<article class=\"qodef-e qodef-grid-item qodef-item--full\">\n\t<div class=\"qodef-e-inner\">\n\t\t\t\t<div class=\"qodef-e-content\">\n\t\t\t<h4 itemprop=\"name\" class=\"qodef-e-title entry-title\" >\n\tOracle Policy Automation<\/h4>\n\t\t\t\t\t<\/div>\n\t\t<a itemprop=\"url\" class=\"qodef-e-link\" href=\"https:\/\/proskillsasia.com\/tr\/portfolio-category\/oracle-policy-automation-2\/\"><\/a>\n\t<\/div>\n<\/article>\n<article class=\"qodef-e qodef-grid-item qodef-item--full\">\n\t<div class=\"qodef-e-inner\">\n\t\t\t\t<div class=\"qodef-e-content\">\n\t\t\t<h4 itemprop=\"name\" class=\"qodef-e-title entry-title\" >\n\tOracle Linux<\/h4>\n\t\t\t\t\t<\/div>\n\t\t<a itemprop=\"url\" class=\"qodef-e-link\" href=\"https:\/\/proskillsasia.com\/tr\/portfolio-category\/oracle-linux-2\/\"><\/a>\n\t<\/div>\n<\/article>\n<article class=\"qodef-e qodef-grid-item qodef-item--full\">\n\t<div class=\"qodef-e-inner\">\n\t\t\t\t<div class=\"qodef-e-content\">\n\t\t\t<h4 itemprop=\"name\" class=\"qodef-e-title entry-title\" >\n\tOracle Knowledge<\/h4>\n\t\t\t\t\t<\/div>\n\t\t<a itemprop=\"url\" class=\"qodef-e-link\" href=\"https:\/\/proskillsasia.com\/tr\/portfolio-category\/oracle-knowledge-2\/\"><\/a>\n\t<\/div>\n<\/article>\n<article class=\"qodef-e qodef-grid-item qodef-item--full\">\n\t<div class=\"qodef-e-inner\">\n\t\t\t\t<div class=\"qodef-e-content\">\n\t\t\t<h4 itemprop=\"name\" class=\"qodef-e-title entry-title\" >\n\tOracle Insurance<\/h4>\n\t\t\t\t\t<\/div>\n\t\t<a itemprop=\"url\" class=\"qodef-e-link\" href=\"https:\/\/proskillsasia.com\/tr\/portfolio-category\/oracle-insurance-2\/\"><\/a>\n\t<\/div>\n<\/article>\n<article class=\"qodef-e qodef-grid-item qodef-item--full\">\n\t<div class=\"qodef-e-inner\">\n\t\t\t\t<div class=\"qodef-e-content\">\n\t\t\t<h4 itemprop=\"name\" class=\"qodef-e-title entry-title\" >\n\tOracle Health Sciences<\/h4>\n\t\t\t\t\t<\/div>\n\t\t<a itemprop=\"url\" class=\"qodef-e-link\" href=\"https:\/\/proskillsasia.com\/tr\/portfolio-category\/oracle-health-sciences-2\/\"><\/a>\n\t<\/div>\n<\/article>\n<article class=\"qodef-e qodef-grid-item qodef-item--full\">\n\t<div class=\"qodef-e-inner\">\n\t\t\t\t<div class=\"qodef-e-content\">\n\t\t\t<h4 itemprop=\"name\" class=\"qodef-e-title entry-title\" >\n\tOracle Finansal Hizmetler<\/h4>\n\t\t\t\t\t<\/div>\n\t\t<a itemprop=\"url\" class=\"qodef-e-link\" href=\"https:\/\/proskillsasia.com\/tr\/portfolio-category\/oracle-financial-services-2\/\"><\/a>\n\t<\/div>\n<\/article>\n<article class=\"qodef-e qodef-grid-item qodef-item--full\">\n\t<div class=\"qodef-e-inner\">\n\t\t\t\t<div class=\"qodef-e-content\">\n\t\t\t<h4 itemprop=\"name\" class=\"qodef-e-title entry-title\" >\n\tOracle Enterprise Manager Ops Center<\/h4>\n\t\t\t\t\t<\/div>\n\t\t<a itemprop=\"url\" class=\"qodef-e-link\" href=\"https:\/\/proskillsasia.com\/tr\/portfolio-category\/oracle-enterprise-manager-ops-center-2\/\"><\/a>\n\t<\/div>\n<\/article>\n<article class=\"qodef-e qodef-grid-item qodef-item--full\">\n\t<div class=\"qodef-e-inner\">\n\t\t\t\t<div class=\"qodef-e-content\">\n\t\t\t<h4 itemprop=\"name\" class=\"qodef-e-title entry-title\" >\n\tOracle Kurumsal Y\u00f6netici<\/h4>\n\t\t\t\t\t<\/div>\n\t\t<a itemprop=\"url\" class=\"qodef-e-link\" href=\"https:\/\/proskillsasia.com\/tr\/portfolio-category\/oracle-enterprise-manager-2\/\"><\/a>\n\t<\/div>\n<\/article>\n<article class=\"qodef-e qodef-grid-item qodef-item--full\">\n\t<div class=\"qodef-e-inner\">\n\t\t\t\t<div class=\"qodef-e-content\">\n\t\t\t<h4 itemprop=\"name\" class=\"qodef-e-title entry-title\" >\n\tOracle Veritaban\u0131<\/h4>\n\t\t\t\t\t<\/div>\n\t\t<a itemprop=\"url\" class=\"qodef-e-link\" href=\"https:\/\/proskillsasia.com\/tr\/portfolio-category\/oracle-database-2\/\"><\/a>\n\t<\/div>\n<\/article>\n<article class=\"qodef-e qodef-grid-item qodef-item--full\">\n\t<div class=\"qodef-e-inner\">\n\t\t\t\t<div class=\"qodef-e-content\">\n\t\t\t<h4 itemprop=\"name\" class=\"qodef-e-title entry-title\" >\n\tOracle \u0130leti\u015fim<\/h4>\n\t\t\t\t\t<\/div>\n\t\t<a itemprop=\"url\" class=\"qodef-e-link\" href=\"https:\/\/proskillsasia.com\/tr\/portfolio-category\/oracle-communications-2\/\"><\/a>\n\t<\/div>\n<\/article>\n<article class=\"qodef-e qodef-grid-item qodef-item--full\">\n\t<div class=\"qodef-e-inner\">\n\t\t\t\t<div class=\"qodef-e-content\">\n\t\t\t<h4 itemprop=\"name\" class=\"qodef-e-title entry-title\" >\n\tOracle Commerce (ATG, Endeca)<\/h4>\n\t\t\t\t\t<\/div>\n\t\t<a itemprop=\"url\" class=\"qodef-e-link\" href=\"https:\/\/proskillsasia.com\/tr\/portfolio-category\/oracle-commerce-atg-endeca-2\/\"><\/a>\n\t<\/div>\n<\/article>\n<article class=\"qodef-e qodef-grid-item qodef-item--full\">\n\t<div class=\"qodef-e-inner\">\n\t\t\t\t<div class=\"qodef-e-content\">\n\t\t\t<h4 itemprop=\"name\" class=\"qodef-e-title entry-title\" >\n\tOracle Application Testing Suite<\/h4>\n\t\t\t\t\t<\/div>\n\t\t<a itemprop=\"url\" class=\"qodef-e-link\" href=\"https:\/\/proskillsasia.com\/tr\/portfolio-category\/oracle-application-testing-suite-2\/\"><\/a>\n\t<\/div>\n<\/article>\n\t<\/div>\n<\/div>\n\t\t<\/div>\n\t\t\t\t<\/div>\n\t\t\t\t\t<\/div>\n\t\t<\/div>\n\t\t\t\t\t\t\t<\/div>\n\t\t<\/section>\n\t\t\t\t\t\t\t<\/div>","protected":false},"excerpt":{"rendered":"<p>WebCenter &nbsp; Transaction Processing &nbsp; Talent Management Cloud &nbsp; Storage &nbsp; Software as a Service \u2013 Oracle Supply Chain Management Cloud &nbsp; Software as a Service \u2013 Oracle Human Capital Management Cloud &nbsp; Software as a Service \u2013 Oracle Enterprise Resource Planning Cloud &nbsp; Software as a Service \u2013 Oracle Enterprise Performance Management Cloud &nbsp; [&hellip;]<\/p>","protected":false},"author":1,"featured_media":0,"parent":0,"menu_order":0,"comment_status":"closed","ping_status":"closed","template":"","meta":{"footnotes":""},"_links":{"self":[{"href":"https:\/\/proskillsasia.com\/tr\/wp-json\/wp\/v2\/pages\/16626"}],"collection":[{"href":"https:\/\/proskillsasia.com\/tr\/wp-json\/wp\/v2\/pages"}],"about":[{"href":"https:\/\/proskillsasia.com\/tr\/wp-json\/wp\/v2\/types\/page"}],"author":[{"embeddable":true,"href":"https:\/\/proskillsasia.com\/tr\/wp-json\/wp\/v2\/users\/1"}],"replies":[{"embeddable":true,"href":"https:\/\/proskillsasia.com\/tr\/wp-json\/wp\/v2\/comments?post=16626"}],"version-history":[{"count":8,"href":"https:\/\/proskillsasia.com\/tr\/wp-json\/wp\/v2\/pages\/16626\/revisions"}],"predecessor-version":[{"id":17244,"href":"https:\/\/proskillsasia.com\/tr\/wp-json\/wp\/v2\/pages\/16626\/revisions\/17244"}],"wp:attachment":[{"href":"https:\/\/proskillsasia.com\/tr\/wp-json\/wp\/v2\/media?parent=16626"}],"curies":[{"name":"wp","href":"https:\/\/api.w.org\/{rel}","templated":true}]}}