{"id":7037,"date":"2021-05-07T18:28:06","date_gmt":"2021-05-07T18:28:06","guid":{"rendered":"https:\/\/thorsten.qodeinteractive.com\/?page_id=7037"},"modified":"2022-04-13T00:13:04","modified_gmt":"2022-04-13T00:13:04","slug":"our-services","status":"publish","type":"page","link":"https:\/\/proskillsasia.com\/tr\/our-services\/","title":{"rendered":"hizmetlerimiz"},"content":{"rendered":"<div data-elementor-type=\"wp-page\" data-elementor-id=\"7037\" class=\"elementor elementor-7037\">\n\t\t\t\t\t\t\t\t\t<section class=\"elementor-section elementor-top-section elementor-element elementor-element-1593037 qodef-elementor-content-grid elementor-section-boxed elementor-section-height-default elementor-section-height-default\" data-id=\"1593037\" data-element_type=\"section\">\n\t\t\t\t\t\t<div class=\"elementor-container elementor-column-gap-default\">\n\t\t\t\t\t<div class=\"elementor-column elementor-col-50 elementor-top-column elementor-element elementor-element-c3ebc91\" data-id=\"c3ebc91\" data-element_type=\"column\">\n\t\t\t<div class=\"elementor-widget-wrap elementor-element-populated\">\n\t\t\t\t\t\t\t\t<div class=\"elementor-element elementor-element-0753b1a elementor-widget__width-initial elementor-widget-tablet__width-inherit elementor-widget elementor-widget-thorsten_core_section_title\" data-id=\"0753b1a\" data-element_type=\"widget\" data-widget_type=\"thorsten_core_section_title.default\">\n\t\t\t\t<div class=\"elementor-widget-container\">\n\t\t\t<div class=\"qodef-shortcode qodef-m  qodef-section-title qodef-alignment--left   qodef-st-appear-animation--no\">\n\t\t<div class=\"qodef-m-tagline\" >\n\t\t\t\t\t<span class=\"qodef-m-separator\"><\/span>\n\t\t\t\t<p>profesyonel beceriler<\/p>\n\t<\/div>\n\t\t<h2 class=\"qodef-m-title\" >\n\t\t\t\t\tH\u0130ZMETLER\t\t\t<\/h2>\n\t\t<p class=\"qodef-m-text\" style=\"margin-top: 20px\">En becerikli e\u011fitim sa\u011flay\u0131c\u0131s\u0131 olarak kabul edilen ProSkills, Oracle ve Tier 1 i\u015f ortaklar\u0131na ihtiya\u00e7 duyduklar\u0131 t\u00fcm geli\u015fmi\u015f teknik kurslar i\u00e7in y\u00fcksek kaliteli dan\u0131\u015fmanlar ve e\u011fitmenler sa\u011flar. Oracle ve di\u011fer sat\u0131c\u0131lar taraf\u0131ndan akredite edilmi\u015f t\u00fcm e\u011fitmenlerimiz kapsaml\u0131 bir teknik ge\u00e7mi\u015fe ve deneyime sahiptir. D\u00fcnyan\u0131n en nitelikli kalibrelerine ev sahipli\u011fi yapan ProSkills, d\u00fcnyadaki b\u00fcy\u00fck organizasyonlar\u0131n tercih etti\u011fi e\u011fitim orta\u011f\u0131d\u0131r. <\/p>\n<\/div>\n\t\t<\/div>\n\t\t\t\t<\/div>\n\t\t\t\t<div class=\"elementor-element elementor-element-33f237e elementor-widget elementor-widget-thorsten_core_button\" data-id=\"33f237e\" data-element_type=\"widget\" data-widget_type=\"thorsten_core_button.default\">\n\t\t\t\t<div class=\"elementor-widget-container\">\n\t\t\t<a class=\"qodef-shortcode qodef-m  qodef-button qodef-layout--filled qodef-size--small qodef-html--link qodef--with-icon\" href=\"https:\/\/proskillsasia.com\/en\/courses-5\/\" target=\"_self\"  >\n\t<span class=\"qodef-m-text\">Daha fazla g\u00f6ster<\/span>\n\t\t\t<svg class=\"qodef-m-button-icon\" x=\"0px\" y=\"0px\" viewbox=\"0 0 1015 771\" xml:space=\"preserve\"><polygon points=\"34.5,307.5 684.2,307.5 513,136.4 629,20.4 882.1,273.5 998.1,389.5 882.1,505.5 629,758.6 513,642.7 684.2,471.5 34.5,471.5 \"><\/polygon><\/svg>\t<\/a>\n\t\t<\/div>\n\t\t\t\t<\/div>\n\t\t\t\t\t<\/div>\n\t\t<\/div>\n\t\t\t\t<div class=\"elementor-column elementor-col-50 elementor-top-column elementor-element elementor-element-b8b1631\" data-id=\"b8b1631\" data-element_type=\"column\">\n\t\t\t<div class=\"elementor-widget-wrap elementor-element-populated\">\n\t\t\t\t\t\t\t\t<section class=\"elementor-section elementor-inner-section elementor-element elementor-element-21c5715 elementor-section-full_width elementor-section-height-default elementor-section-height-default qodef-elementor-content-no\" data-id=\"21c5715\" data-element_type=\"section\">\n\t\t\t\t\t\t<div class=\"elementor-container elementor-column-gap-default\">\n\t\t\t\t\t<div class=\"elementor-column elementor-col-50 elementor-inner-column elementor-element elementor-element-8f98d02\" data-id=\"8f98d02\" data-element_type=\"column\">\n\t\t\t<div class=\"elementor-widget-wrap elementor-element-populated\">\n\t\t\t\t\t\t\t\t<div class=\"elementor-element elementor-element-f677f25 elementor-widget elementor-widget-thorsten_core_info_section\" data-id=\"f677f25\" data-element_type=\"widget\" data-widget_type=\"thorsten_core_info_section.default\">\n\t\t\t\t<div class=\"elementor-widget-container\">\n\t\t\t<div class=\"qodef-shortcode qodef-m  qodef-info-section qodef-layout--background-text  qodef-background-text-pos--top-left\">\n\t<div class=\"qodef-m-background-text\">\n\t\t\t<\/div>\n\t<div class=\"qodef-m-info\">\n\t\t\t<h4 class=\"qodef-m-title\" style=\"color: #223E5E\">\n\t\tSpor ayakkab\u0131<br \/> &amp; Dan\u0131\u015fmanlar\t<\/h4>\n\t\t\t<p class=\"qodef-m-text\" style=\"color: #223E5E;margin-top: 50px\"> ProSkills, kapsaml\u0131 bilgi birikimine ve yeterli uygulamal\u0131 deneyime sahip en kalifiye ve sertifikal\u0131 teknik ve i\u015f dan\u0131\u015fmanlar\u0131na gururla ev sahipli\u011fi yapmaktad\u0131r.<\/p>\n\t\t\t<div class=\"qodef-m-button\">\n\t\t<a class=\"qodef-shortcode qodef-m  qodef-button qodef-layout--filled  qodef-html--link qodef--with-icon\" href=\"https:\/\/proskillsasia.com\/en\/trainers-&#038;-consultants\" target=\"_blank\"  >\t<span class=\"qodef-m-text\">Daha fazla g\u00f6ster!<\/span>\t\t\t<svg class=\"qodef-m-button-icon\" x=\"0px\" y=\"0px\" viewbox=\"0 0 1015 771\" xml:space=\"preserve\"><polygon points=\"34.5,307.5 684.2,307.5 513,136.4 629,20.4 882.1,273.5 998.1,389.5 882.1,505.5 629,758.6 513,642.7 684.2,471.5 34.5,471.5 \"><\/polygon><\/svg>\t<\/a>\t<\/div>\n\t<\/div>\n<\/div>\n\t\t<\/div>\n\t\t\t\t<\/div>\n\t\t\t\t<div class=\"elementor-element elementor-element-50259ff elementor-widget elementor-widget-thorsten_core_info_section\" data-id=\"50259ff\" data-element_type=\"widget\" data-widget_type=\"thorsten_core_info_section.default\">\n\t\t\t\t<div class=\"elementor-widget-container\">\n\t\t\t<div class=\"qodef-shortcode qodef-m  qodef-info-section qodef-layout--background-text  qodef-background-text-pos--top-left\">\n\t<div class=\"qodef-m-background-text\">\n\t\t\t<\/div>\n\t<div class=\"qodef-m-info\">\n\t\t\t<h4 class=\"qodef-m-title\" style=\"color: #223E5E\">\n\t\tteknoloji<br \/> at\u00f6lyeler\t<\/h4>\n\t\t\t<p class=\"qodef-m-text\" style=\"color: #223E5E;margin-top: 50px\">Bunlar \u00f6zellikle sizin i\u00e7in tasarland\u0131! Bootcamp at\u00f6lyelerimiz, \u00e7ok \u00f6zel ihtiya\u00e7lar\u0131n\u0131z\u0131 kar\u015f\u0131lamak i\u00e7in \u00f6zel olarak haz\u0131rlanm\u0131\u015f, \u00f6zelle\u015ftirilmi\u015f yo\u011fun e\u011fitim programlar\u0131d\u0131r.<\/p>\n\t\t\t<div class=\"qodef-m-button\">\n\t\t<a class=\"qodef-shortcode qodef-m  qodef-button qodef-layout--filled  qodef-html--link qodef--with-icon\" href=\"https:\/\/proskillsasia.com\/technology-workshops\" target=\"_blank\"  >\t<span class=\"qodef-m-text\">Daha fazla g\u00f6ster!<\/span>\t\t\t<svg class=\"qodef-m-button-icon\" x=\"0px\" y=\"0px\" viewbox=\"0 0 1015 771\" xml:space=\"preserve\"><polygon points=\"34.5,307.5 684.2,307.5 513,136.4 629,20.4 882.1,273.5 998.1,389.5 882.1,505.5 629,758.6 513,642.7 684.2,471.5 34.5,471.5 \"><\/polygon><\/svg>\t<\/a>\t<\/div>\n\t<\/div>\n<\/div>\n\t\t<\/div>\n\t\t\t\t<\/div>\n\t\t\t\t\t<\/div>\n\t\t<\/div>\n\t\t\t\t<div class=\"elementor-column elementor-col-50 elementor-inner-column elementor-element elementor-element-42ecd5c\" data-id=\"42ecd5c\" data-element_type=\"column\">\n\t\t\t<div class=\"elementor-widget-wrap elementor-element-populated\">\n\t\t\t\t\t\t\t\t<div class=\"elementor-element elementor-element-6b116fb elementor-widget elementor-widget-thorsten_core_info_section\" data-id=\"6b116fb\" data-element_type=\"widget\" data-widget_type=\"thorsten_core_info_section.default\">\n\t\t\t\t<div class=\"elementor-widget-container\">\n\t\t\t<div class=\"qodef-shortcode qodef-m  qodef-info-section qodef-layout--background-text  qodef-background-text-pos--top-left\">\n\t<div class=\"qodef-m-background-text\">\n\t\t\t<\/div>\n\t<div class=\"qodef-m-info\">\n\t\t\t<h4 class=\"qodef-m-title\" style=\"color: #223E5E\">\n\t\tSATICI<br \/> Standart Kurslar\t<\/h4>\n\t\t\t<p class=\"qodef-m-text\" style=\"color: #223E5E;margin-top: 50px\">Kurs listemiz, Oracle, Redhat, VMware, IBM, Microsoft, CompTIA, vb. gibi b\u00fcy\u00fck teknoloji sa\u011flay\u0131c\u0131lar\u0131ndan standart formatl\u0131 kurslar i\u00e7erir .....<\/p>\n\t\t\t<div class=\"qodef-m-button\">\n\t\t<a class=\"qodef-shortcode qodef-m  qodef-button qodef-layout--filled  qodef-html--link qodef--with-icon\" href=\"https:\/\/proskillsasia.com\/en\/vendor-standard-courses\/\" target=\"_blank\"  >\t<span class=\"qodef-m-text\">Daha fazla g\u00f6ster!<\/span>\t\t\t<svg class=\"qodef-m-button-icon\" x=\"0px\" y=\"0px\" viewbox=\"0 0 1015 771\" xml:space=\"preserve\"><polygon points=\"34.5,307.5 684.2,307.5 513,136.4 629,20.4 882.1,273.5 998.1,389.5 882.1,505.5 629,758.6 513,642.7 684.2,471.5 34.5,471.5 \"><\/polygon><\/svg>\t<\/a>\t<\/div>\n\t<\/div>\n<\/div>\n\t\t<\/div>\n\t\t\t\t<\/div>\n\t\t\t\t<div class=\"elementor-element elementor-element-515c5ef elementor-widget elementor-widget-thorsten_core_info_section\" data-id=\"515c5ef\" data-element_type=\"widget\" data-widget_type=\"thorsten_core_info_section.default\">\n\t\t\t\t<div class=\"elementor-widget-container\">\n\t\t\t<div class=\"qodef-shortcode qodef-m  qodef-info-section qodef-layout--background-text qodef-title-break--disabled qodef-background-text-pos--top-left\">\n\t<div class=\"qodef-m-background-text\">\n\t\t\t<\/div>\n\t<div class=\"qodef-m-info\">\n\t\t\t<h4 class=\"qodef-m-title\" style=\"color: #223E5E\">\n\t\tkullan\u0131c\u0131<br \/> Evlat edinme servisi\t<\/h4>\n\t\t\t<p class=\"qodef-m-text\" style=\"color: #223E5E;margin-top: 50px\">Verimlili\u011fini ve performans\u0131n\u0131 art\u0131rmak i\u00e7in BT d\u0131\u015f\u0131 uygulama kullan\u0131c\u0131lar\u0131na y\u00f6nelik; ayn\u0131 zamanda uygulama kullan\u0131m\u0131n\u0131 art\u0131rarak .....<\/p>\n\t\t\t<div class=\"qodef-m-button\">\n\t\t<a class=\"qodef-shortcode qodef-m  qodef-button qodef-layout--filled  qodef-html--link qodef--with-icon\" href=\"https:\/\/proskillsasia.com\/en\/user-adoption-service\/\" target=\"_blank\"  >\t<span class=\"qodef-m-text\">Daha fazla g\u00f6ster!<\/span>\t\t\t<svg class=\"qodef-m-button-icon\" x=\"0px\" y=\"0px\" viewbox=\"0 0 1015 771\" xml:space=\"preserve\"><polygon points=\"34.5,307.5 684.2,307.5 513,136.4 629,20.4 882.1,273.5 998.1,389.5 882.1,505.5 629,758.6 513,642.7 684.2,471.5 34.5,471.5 \"><\/polygon><\/svg>\t<\/a>\t<\/div>\n\t<\/div>\n<\/div>\n\t\t<\/div>\n\t\t\t\t<\/div>\n\t\t\t\t\t<\/div>\n\t\t<\/div>\n\t\t\t\t\t\t\t<\/div>\n\t\t<\/section>\n\t\t\t\t\t<\/div>\n\t\t<\/div>\n\t\t\t\t\t\t\t<\/div>\n\t\t<\/section>\n\t\t\t\t<section class=\"elementor-section elementor-top-section elementor-element elementor-element-ba2c14f elementor-section-full_width elementor-section-height-min-height elementor-section-height-default elementor-section-items-middle qodef-elementor-content-no\" data-id=\"ba2c14f\" data-element_type=\"section\">\n\t\t\t\t\t\t<div class=\"elementor-container elementor-column-gap-no\">\n\t\t\t\t\t<div class=\"elementor-column elementor-col-100 elementor-top-column elementor-element elementor-element-11b56c6\" data-id=\"11b56c6\" data-element_type=\"column\">\n\t\t\t<div class=\"elementor-widget-wrap\">\n\t\t\t\t\t\t\t\t\t<\/div>\n\t\t<\/div>\n\t\t\t\t\t\t\t<\/div>\n\t\t<\/section>\n\t\t\t\t<section class=\"elementor-section elementor-top-section elementor-element elementor-element-bb21717 qodef-elementor-content-grid elementor-hidden-desktop elementor-hidden-tablet elementor-hidden-mobile elementor-section-boxed elementor-section-height-default elementor-section-height-default\" data-id=\"bb21717\" data-element_type=\"section\">\n\t\t\t\t\t\t<div class=\"elementor-container elementor-column-gap-default\">\n\t\t\t\t\t<div class=\"elementor-column elementor-col-50 elementor-top-column elementor-element elementor-element-8b3fe42\" data-id=\"8b3fe42\" data-element_type=\"column\">\n\t\t\t<div class=\"elementor-widget-wrap elementor-element-populated\">\n\t\t\t\t\t\t\t\t<div class=\"elementor-element elementor-element-1e00aa5 elementor-widget__width-initial elementor-widget-tablet__width-inherit elementor-widget elementor-widget-thorsten_core_section_title\" data-id=\"1e00aa5\" data-element_type=\"widget\" data-widget_type=\"thorsten_core_section_title.default\">\n\t\t\t\t<div class=\"elementor-widget-container\">\n\t\t\t<div class=\"qodef-shortcode qodef-m  qodef-section-title qodef-alignment--left   qodef-st-appear-animation--no\">\n\t\t<div class=\"qodef-m-tagline\" >\n\t\t\t\t\t<span class=\"qodef-m-separator\"><\/span>\n\t\t\t\t<p>profesyonel beceriler<\/p>\n\t<\/div>\n\t\t<h2 class=\"qodef-m-title\" >\n\t\t\t\t\tKurumsal Sosyal Sorumluluk (KSS):\t\t\t<\/h2>\n\t\t<p class=\"qodef-m-text\" >Topluma kar\u015f\u0131 sorumlulu\u011fumuzun d\u0131\u015f\u0131nda, onlara teknik e\u011fitim burslar\u0131 sa\u011flamak i\u00e7in devlet ve \u00f6zel kurulu\u015flarla ortakl\u0131k yap\u0131yoruz. Yetkin teknik kurslar\u0131m\u0131z\u0131, yard\u0131mc\u0131 dan\u0131\u015fmanlardan ve uzman dan\u0131\u015fmanlardan olu\u015fan profesyonel bir ekip taraf\u0131ndan sunuyoruz. Bir ba\u015fka giri\u015fim olarak, se\u00e7kin akademisyenleri ve kursiyerleri geni\u015f \u015firket ve i\u015fletme a\u011f\u0131m\u0131zla tan\u0131\u015ft\u0131r\u0131yor ve onlar\u0131 i\u015f piyasas\u0131na bir ad\u0131m daha yakla\u015ft\u0131r\u0131yoruz. En iyi burslu mezunlar i\u00e7in verimli ve verimli staj veya i\u015f f\u0131rsatlar\u0131 ar\u0131yoruz. Bilgiyi yaymaya ve yeteneklerden yararlanmaya de\u011fer verdi\u011fimiz i\u00e7in bu hizmeti tamamen \u00fccretsiz olarak sa\u011fl\u0131yoruz. \u00d6zel ders ve mentorluktan y\u00fcksek nitelikli kalibreleri tavsiye etmeye kadar, b\u00f6lgenin h\u0131rsl\u0131 gen\u00e7li\u011fine yard\u0131m etmeye ve teknik bilgiyi yaymak ve t\u00fcm b\u00f6lgede dijital d\u00f6n\u00fc\u015f\u00fcm\u00fc \u015fekillendirmek i\u00e7in uzun vadeli vizyonumuzu s\u00fcrd\u00fcrmeye kararl\u0131y\u0131z.<\/p>\n<\/div>\n\t\t<\/div>\n\t\t\t\t<\/div>\n\t\t\t\t<div class=\"elementor-element elementor-element-679f2d4 elementor-widget elementor-widget-thorsten_core_button\" data-id=\"679f2d4\" data-element_type=\"widget\" data-widget_type=\"thorsten_core_button.default\">\n\t\t\t\t<div class=\"elementor-widget-container\">\n\t\t\t<a class=\"qodef-shortcode qodef-m  qodef-button qodef-layout--filled qodef-size--small qodef-html--link qodef--with-icon\" href=\"https:\/\/proskillsasia.com\/en\/courses-5\/\" target=\"_self\"  >\n\t<span class=\"qodef-m-text\">Daha fazla g\u00f6ster<\/span>\n\t\t\t<svg class=\"qodef-m-button-icon\" x=\"0px\" y=\"0px\" viewbox=\"0 0 1015 771\" xml:space=\"preserve\"><polygon points=\"34.5,307.5 684.2,307.5 513,136.4 629,20.4 882.1,273.5 998.1,389.5 882.1,505.5 629,758.6 513,642.7 684.2,471.5 34.5,471.5 \"><\/polygon><\/svg>\t<\/a>\n\t\t<\/div>\n\t\t\t\t<\/div>\n\t\t\t\t\t<\/div>\n\t\t<\/div>\n\t\t\t\t<div class=\"elementor-column elementor-col-50 elementor-top-column elementor-element elementor-element-8724aa2\" data-id=\"8724aa2\" data-element_type=\"column\">\n\t\t\t<div class=\"elementor-widget-wrap elementor-element-populated\">\n\t\t\t\t\t\t\t\t<section class=\"elementor-section elementor-inner-section elementor-element elementor-element-d020e29 elementor-section-full_width elementor-section-height-default elementor-section-height-default qodef-elementor-content-no\" data-id=\"d020e29\" data-element_type=\"section\">\n\t\t\t\t\t\t<div class=\"elementor-container elementor-column-gap-default\">\n\t\t\t\t\t<div class=\"elementor-column elementor-col-50 elementor-inner-column elementor-element elementor-element-b592bfc\" data-id=\"b592bfc\" data-element_type=\"column\">\n\t\t\t<div class=\"elementor-widget-wrap elementor-element-populated\">\n\t\t\t\t\t\t\t\t<div class=\"elementor-element elementor-element-68cba21 elementor-widget elementor-widget-thorsten_core_icon_with_text\" data-id=\"68cba21\" data-element_type=\"widget\" data-widget_type=\"thorsten_core_icon_with_text.default\">\n\t\t\t\t<div class=\"elementor-widget-container\">\n\t\t\t<div class=\"qodef-shortcode qodef-m  qodef-icon-with-text qodef-layout--top qodef--svg-icon qodef-alignment--left\">\n\t<div class=\"qodef-m-icon-wrapper\" style=\"color: #FFE3FE\">\n\t\t\t<div class=\"qodef-m-svg\" style=\"color: #FFE3FE\">\n\t\t<svg class=\"qodef-custom-svg-3\" viewbox=\"0 0 86 64.6\" style=\"enable-background:new 0 0 86 64.6;\" xml:space=\"preserve\">\n<g>\n<circle class=\"qodef-svg-icon-background\" cx=\"59.1\" cy=\"28\" r=\"26.9\"><\/circle>\n<circle class=\"qodef-svg-icon-shape\" cx=\"38.8\" cy=\"36.1\" r=\"26.9\"><\/circle>\n<rect class=\"qodef-svg-icon-front\" y=\"22.9\" width=\"28.3\" height=\"28.3\"><\/rect>\n<\/g>\n<\/svg>\n\n\t\t<\/div>\n\t<\/div>\n\t<div class=\"qodef-m-content\">\n\t\t\t<h4 class=\"qodef-m-title\" style=\"margin-top: 15px\">\n\t\t\t\t\t<span class=\"qodef-m-title-text\">Oracle Kurslar\u0131<\/span>\n\t\t\t<\/h4>\n\t\t\t<p class=\"qodef-m-text\" style=\"margin-top: 15px\">Bu kurs, Oracle E-Business Suite&#039;in tam de\u011ferini \u00f6z\u00fcmsemek i\u00e7in kurulu\u015funuza rehberlik etmede lider bir rol oynaman\u0131za olanak sa\u011flayacakt\u0131r.<\/p>\n\t<\/div>\n<\/div>\n\t\t<\/div>\n\t\t\t\t<\/div>\n\t\t\t\t<div class=\"elementor-element elementor-element-dca40c0 elementor-widget elementor-widget-thorsten_core_icon_with_text\" data-id=\"dca40c0\" data-element_type=\"widget\" data-widget_type=\"thorsten_core_icon_with_text.default\">\n\t\t\t\t<div class=\"elementor-widget-container\">\n\t\t\t<div class=\"qodef-shortcode qodef-m  qodef-icon-with-text qodef-layout--top qodef--svg-icon qodef-alignment--left\">\n\t<div class=\"qodef-m-icon-wrapper\" style=\"color: #FFE5D7\">\n\t\t\t<div class=\"qodef-m-svg\" style=\"color: #FFE5D7\">\n\t\t<svg class=\"qodef-custom-svg-1\" viewbox=\"0 0 86 64.6\" style=\"enable-background:new 0 0 86 64.6;\" xml:space=\"preserve\">\n<g>\n<circle class=\"qodef-svg-icon-background\" cx=\"51.7\" cy=\"27.1\" r=\"26.9\"><\/circle>\n<circle class=\"qodef-svg-icon-shape\" cx=\"37.7\" cy=\"37\" r=\"26.9\"><\/circle>\n<polygon class=\"qodef-svg-icon-front\" points=\"38.6,37 23,46 7.4,55 7.4,37 7.4,19 23,28 \"><\/polygon>\n<\/g>\n<\/svg>\t\t<\/div>\n\t<\/div>\n\t<div class=\"qodef-m-content\">\n\t\t\t<h4 class=\"qodef-m-title\" style=\"margin-top: 15px\">\n\t\t\t\t\t<span class=\"qodef-m-title-text\">Yumu\u015fak Beceriler Kurslar\u0131<\/span>\n\t\t\t<\/h4>\n\t\t\t<p class=\"qodef-m-text\" style=\"margin-top: 15px\">T\u00fcm g\u00f6revlerinizden bunalm\u0131\u015f hissediyorsunuz ve Yap\u0131lacaklar ayn\u0131 \u00f6nceli\u011fi ve aciliyeti payla\u015f\u0131yor gibi mi g\u00f6r\u00fcn\u00fcyor?  <\/p>\n\t<\/div>\n<\/div>\n\t\t<\/div>\n\t\t\t\t<\/div>\n\t\t\t\t\t<\/div>\n\t\t<\/div>\n\t\t\t\t<div class=\"elementor-column elementor-col-50 elementor-inner-column elementor-element elementor-element-2a65c13\" data-id=\"2a65c13\" data-element_type=\"column\">\n\t\t\t<div class=\"elementor-widget-wrap elementor-element-populated\">\n\t\t\t\t\t\t\t\t<div class=\"elementor-element elementor-element-5dff915 elementor-widget elementor-widget-thorsten_core_icon_with_text\" data-id=\"5dff915\" data-element_type=\"widget\" data-widget_type=\"thorsten_core_icon_with_text.default\">\n\t\t\t\t<div class=\"elementor-widget-container\">\n\t\t\t<div class=\"qodef-shortcode qodef-m  qodef-icon-with-text qodef-layout--top qodef--svg-icon qodef-alignment--left\">\n\t<div class=\"qodef-m-icon-wrapper\" style=\"color: #FEECC5\">\n\t\t\t<div class=\"qodef-m-svg\" style=\"color: #FEECC5\">\n\t\t<svg class=\"qodef-custom-svg-4\" x=\"0px\" y=\"0px\" viewbox=\"0 0 86 64.6\" style=\"enable-background:new 0 0 86 64.6;\" xml:space=\"preserve\">\n<g>\n<polygon class=\"qodef-svg-icon-background\" points=\"51.3,54.4 36,27.7 20.6,1.1 51.3,1.1 82.1,1.1 66.7,27.7 \"><\/polygon>\n<polygon class=\"qodef-svg-icon-shape\" points=\"34.6,63.1 19.3,36.4 3.9,9.8 34.6,9.8 65.4,9.8 50,36.4 \"><\/polygon>\n<circle class=\"qodef-svg-icon-front\" cx=\"52.2\" cy=\"38\" r=\"15.5\"><\/circle>\n<\/g>\n<\/svg>\t\t<\/div>\n\t<\/div>\n\t<div class=\"qodef-m-content\">\n\t\t\t<h4 class=\"qodef-m-title\" style=\"margin-top: 15px\">\n\t\t\t\t\t<span class=\"qodef-m-title-text\">SAP Kursu<\/span>\n\t\t\t<\/h4>\n\t\t\t<p class=\"qodef-m-text\" style=\"margin-top: 15px\">Bu yo\u011fun kurs, SAP ERP Financials mimarisinin ve \u00f6zelliklerinin teknik bilgisini derinlemesine inceler.<\/p>\n\t<\/div>\n<\/div>\n\t\t<\/div>\n\t\t\t\t<\/div>\n\t\t\t\t<div class=\"elementor-element elementor-element-ada0e7b elementor-widget elementor-widget-thorsten_core_icon_with_text\" data-id=\"ada0e7b\" data-element_type=\"widget\" data-widget_type=\"thorsten_core_icon_with_text.default\">\n\t\t\t\t<div class=\"elementor-widget-container\">\n\t\t\t<div class=\"qodef-shortcode qodef-m  qodef-icon-with-text qodef-layout--top qodef--svg-icon qodef-alignment--left\">\n\t<div class=\"qodef-m-icon-wrapper\" style=\"color: #E9F5FE\">\n\t\t\t<div class=\"qodef-m-svg\" style=\"color: #E9F5FE\">\n\t\t<svg class=\"qodef-custom-svg-2\" x=\"0px\" y=\"0px\" viewbox=\"0 0 86 64.6\" style=\"enable-background:new 0 0 86 64.6;\" xml:space=\"preserve\">\n<g>\n<rect class=\"qodef-svg-icon-background\" x=\"37.9\" width=\"45.4\" height=\"45.4\"><\/rect>\n<rect class=\"qodef-svg-icon-shape\" x=\"18.9\" y=\"12.3\" width=\"51.9\" height=\"51.9\"><\/rect>\n<circle class=\"qodef-svg-icon-front\" cx=\"18.3\" cy=\"38.2\" r=\"15.5\"><\/circle>\n<\/g>\n<\/svg>\n\n\t\t<\/div>\n\t<\/div>\n\t<div class=\"qodef-m-content\">\n\t\t\t<h4 class=\"qodef-m-title\" style=\"margin-top: 15px\">\n\t\t\t\t\t<span class=\"qodef-m-title-text\">Y\u00f6netim Kurslar\u0131<\/span>\n\t\t\t<\/h4>\n\t\t\t<p class=\"qodef-m-text\" style=\"margin-top: 15px\">Bir liderlik rol\u00fc \u00fcstlendiniz ve bu yeni pozisyona uyum sa\u011flamak i\u00e7in liderlik becerilerinizi geli\u015ftirmeyi hedefliyorsunuz. Seni koruduk! <\/p>\n\t<\/div>\n<\/div>\n\t\t<\/div>\n\t\t\t\t<\/div>\n\t\t\t\t\t<\/div>\n\t\t<\/div>\n\t\t\t\t\t\t\t<\/div>\n\t\t<\/section>\n\t\t\t\t\t<\/div>\n\t\t<\/div>\n\t\t\t\t\t\t\t<\/div>\n\t\t<\/section>\n\t\t\t\t\t\t\t<\/div>","protected":false},"excerpt":{"rendered":"<p>proskills SERVICES Considered the most resourceful training provider, ProSkills provides Oracle and Tier 1 partners with high quality consultants and trainers for the full range of the advanced technical courses they need. Accredited by Oracle and other vendors, all our trainers have got an extensive technical background and experience. Hosting the world\u2019s most qualified calibers, [&hellip;]<\/p>","protected":false},"author":1,"featured_media":0,"parent":0,"menu_order":0,"comment_status":"closed","ping_status":"closed","template":"page-full-width.php","meta":{"footnotes":""},"_links":{"self":[{"href":"https:\/\/proskillsasia.com\/tr\/wp-json\/wp\/v2\/pages\/7037"}],"collection":[{"href":"https:\/\/proskillsasia.com\/tr\/wp-json\/wp\/v2\/pages"}],"about":[{"href":"https:\/\/proskillsasia.com\/tr\/wp-json\/wp\/v2\/types\/page"}],"author":[{"embeddable":true,"href":"https:\/\/proskillsasia.com\/tr\/wp-json\/wp\/v2\/users\/1"}],"replies":[{"embeddable":true,"href":"https:\/\/proskillsasia.com\/tr\/wp-json\/wp\/v2\/comments?post=7037"}],"version-history":[{"count":65,"href":"https:\/\/proskillsasia.com\/tr\/wp-json\/wp\/v2\/pages\/7037\/revisions"}],"predecessor-version":[{"id":17234,"href":"https:\/\/proskillsasia.com\/tr\/wp-json\/wp\/v2\/pages\/7037\/revisions\/17234"}],"wp:attachment":[{"href":"https:\/\/proskillsasia.com\/tr\/wp-json\/wp\/v2\/media?parent=7037"}],"curies":[{"name":"wp","href":"https:\/\/api.w.org\/{rel}","templated":true}]}}